{"id":11775,"date":"2023-11-29T23:22:13","date_gmt":"2023-11-29T22:22:13","guid":{"rendered":"https:\/\/raistheme.com\/wp\/gostudy\/?page_id=11775"},"modified":"2025-09-18T16:12:11","modified_gmt":"2025-09-18T15:12:11","slug":"politique-de-confidentialite","status":"publish","type":"page","link":"https:\/\/api.xn--bacult-gva.com\/ar\/politique-de-confidentialite\/","title":{"rendered":"Politique de Confidentialit\u00e9"},"content":{"rendered":"<div data-elementor-type=\"wp-page\" data-elementor-id=\"11775\" class=\"elementor elementor-11775\" data-elementor-post-type=\"page\">\n\t\t\t\t\t\t<section class=\"elementor-section elementor-top-section elementor-element elementor-element-c86f915 elementor-section-boxed elementor-section-height-default elementor-section-height-default\" data-id=\"c86f915\" data-element_type=\"section\" data-e-type=\"section\">\n\t\t\t\t\t\t<div class=\"elementor-container elementor-column-gap-default\">\n\t\t\t\t\t<div class=\"elementor-column elementor-col-100 elementor-top-column elementor-element elementor-element-4bfd78d\" data-id=\"4bfd78d\" data-element_type=\"column\" data-e-type=\"column\">\n\t\t\t<div class=\"elementor-widget-wrap elementor-element-populated\">\n\t\t\t\t\t\t<div class=\"elementor-element elementor-element-cdb49af elementor-widget elementor-widget-spacer\" data-id=\"cdb49af\" data-element_type=\"widget\" data-e-type=\"widget\" data-widget_type=\"spacer.default\">\n\t\t\t\t<div class=\"elementor-widget-container\">\n\t\t\t\t\t\t\t<div class=\"elementor-spacer\">\n\t\t\t<div class=\"elementor-spacer-inner\"><\/div>\n\t\t<\/div>\n\t\t\t\t\t\t<\/div>\n\t\t\t\t<\/div>\n\t\t\t\t\t<\/div>\n\t\t<\/div>\n\t\t\t\t\t<\/div>\n\t\t<\/section>\n\t\t\t\t<section class=\"elementor-section elementor-top-section elementor-element elementor-element-342a813d elementor-section-boxed elementor-section-height-default elementor-section-height-default\" data-id=\"342a813d\" data-element_type=\"section\" data-e-type=\"section\">\n\t\t\t\t\t\t<div class=\"elementor-container elementor-column-gap-default\">\n\t\t\t\t\t<div class=\"elementor-column elementor-col-100 elementor-top-column elementor-element elementor-element-53cee649\" data-id=\"53cee649\" data-element_type=\"column\" data-e-type=\"column\">\n\t\t\t<div class=\"elementor-widget-wrap elementor-element-populated\">\n\t\t\t\t\t\t<div class=\"elementor-element elementor-element-4417403 elementor-widget elementor-widget-text-editor\" data-id=\"4417403\" data-element_type=\"widget\" data-e-type=\"widget\" data-widget_type=\"text-editor.default\">\n\t\t\t\t<div class=\"elementor-widget-container\">\n\t\t\t\t\t\t\t\t\t<h1>Politique de Confidentialit\u00e9<\/h1><p>Derni\u00e8re mise \u00e0 jour : 08 octobre 2024<\/p><p>Cette Politique de Confidentialit\u00e9 d\u00e9crit nos politiques et proc\u00e9dures concernant la collecte, l&#8217;utilisation et la divulgation de vos informations lorsque vous utilisez le service, et vous informe de vos droits en mati\u00e8re de confidentialit\u00e9 et de la mani\u00e8re dont la loi vous prot\u00e8ge.<\/p><p>Nous utilisons vos donn\u00e9es personnelles pour fournir et am\u00e9liorer le service. En utilisant le service, vous acceptez la collecte et l&#8217;utilisation d&#8217;informations conform\u00e9ment \u00e0 cette politique de confidentialit\u00e9.<\/p><h2>Interpr\u00e9tation et D\u00e9finitions<\/h2><h3>Interpr\u00e9tation<\/h3><p>Les mots dont la premi\u00e8re lettre est en majuscule ont des significations d\u00e9finies dans les conditions suivantes. Les d\u00e9finitions suivantes auront la m\u00eame signification, qu&#8217;elles apparaissent au singulier ou au pluriel.<\/p><h3>D\u00e9finitions<\/h3><p>Aux fins de cette Politique de Confidentialit\u00e9 :<\/p><ul><li><strong>Compte:<\/strong> d\u00e9signe un compte unique cr\u00e9\u00e9 pour que vous puissiez acc\u00e9der \u00e0 notre service ou \u00e0 certaines parties de notre service.<\/li><li><strong>Affili\u00e9:<\/strong> d\u00e9signe une entit\u00e9 qui contr\u00f4le, est contr\u00f4l\u00e9e par ou est sous contr\u00f4le commun avec une partie, o\u00f9 le &#8220;contr\u00f4le&#8221; signifie la propri\u00e9t\u00e9 de 50 % ou plus des actions, des int\u00e9r\u00eats financiers ou d&#8217;autres titres donnant droit de vote pour l&#8217;\u00e9lection des administrateurs ou d&#8217;autres autorit\u00e9s de gestion.<\/li><li><strong>Entreprise:<\/strong> (d\u00e9sign\u00e9e soit par &#8220;l&#8217;Entreprise&#8221;, &#8220;Nous&#8221;, &#8220;Notre&#8221; ou &#8220;Nos&#8221; dans cet Accord) fait r\u00e9f\u00e9rence \u00e0 Bacult\u00e9, 10 Rue Salah Din Ayoubi Bardo 2000.<\/li><li><strong>Cookies:<\/strong> sont de petits fichiers plac\u00e9s sur votre ordinateur, appareil mobile ou tout autre appareil par un site web, contenant les d\u00e9tails de votre historique de navigation sur ce site web parmi ses nombreuses utilisations.<\/li><li><strong>Pays:<\/strong> fait r\u00e9f\u00e9rence \u00e0 : Tunisie<\/li><li><strong>Appareil:<\/strong> d\u00e9signe tout appareil qui peut acc\u00e9der au service, tel qu&#8217;un ordinateur, un t\u00e9l\u00e9phone portable ou une tablette num\u00e9rique.<\/li><li><strong>Donn\u00e9es personnelles:<\/strong> d\u00e9signe toute information qui se rapporte \u00e0 un individu identifi\u00e9 ou identifiable.<\/li><li><strong>Service:<\/strong> fait r\u00e9f\u00e9rence au site web.<\/li><li><strong>Prestataire de services:<\/strong> d\u00e9signe toute personne physique ou morale qui traite les donn\u00e9es au nom de l&#8217;Entreprise. Il se r\u00e9f\u00e8re \u00e0 des soci\u00e9t\u00e9s tierces ou \u00e0 des individus employ\u00e9s par l&#8217;Entreprise pour faciliter le service, fournir le service au nom de l&#8217;Entreprise, effectuer des services li\u00e9s au service ou aider l&#8217;Entreprise \u00e0 analyser l&#8217;utilisation du service.<\/li><li><strong>Service de r\u00e9seaux sociaux tiers:<\/strong> d\u00e9signe tout site web ou r\u00e9seau social via lequel un utilisateur peut se connecter ou cr\u00e9er un compte pour utiliser le service.<\/li><li><strong>Donn\u00e9es d&#8217;utilisation:<\/strong> d\u00e9signe les donn\u00e9es collect\u00e9es automatiquement, soit g\u00e9n\u00e9r\u00e9es par l&#8217;utilisation du service, soit par l&#8217;infrastructure du service elle-m\u00eame (par exemple, la dur\u00e9e d&#8217;une visite de page).<\/li><li><strong>Site web:<\/strong> fait r\u00e9f\u00e9rence \u00e0 Bacult\u00e9, accessible depuis <a href=\"https:\/\/test.baculte.com\" target=\"_blank\" rel=\"external nofollow noopener\">https:\/\/api.xn--bacult-gva.com<\/a>.<\/li><li><strong>Vous:<\/strong> d\u00e9signe l&#8217;individu acc\u00e9dant ou utilisant le service, ou la soci\u00e9t\u00e9, ou autre entit\u00e9 juridique au nom de laquelle cet individu acc\u00e8de ou utilise le service, selon le cas.<\/li><\/ul><h2>\u00a0<\/h2><h2>Collecte et Utilisation de vos Donn\u00e9es Personnelles<\/h2><h3>Types de Donn\u00e9es Collect\u00e9es<\/h3><h4>\u00a0<\/h4><h4>Donn\u00e9es personnelles<\/h4><p>\u00a0<\/p><p>Lors de l&#8217;utilisation de notre service, il se peut que nous vous demandions de nous fournir certaines informations personnellement identifiables pouvant \u00eatre utilis\u00e9es pour vous contacter ou vous identifier. Les informations personnellement identifiables peuvent inclure, mais ne sont pas limit\u00e9es \u00e0 :<\/p><ul><li>\u0627\u0644\u0628\u0631\u064a\u062f \u0627\u0644\u0625\u0644\u0643\u062a\u0631\u0648\u0646\u064a<\/li><li>Pr\u00e9nom et nom de famille<\/li><li>Donn\u00e9es d&#8217;utilisation<\/li><\/ul><h4>\u00a0<\/h4><h4>Donn\u00e9es d&#8217;utilisation<\/h4><p>\u00a0<\/p><p>Les donn\u00e9es d&#8217;utilisation sont collect\u00e9es automatiquement lors de l&#8217;utilisation du service.<\/p><p>Les donn\u00e9es d&#8217;utilisation peuvent inclure des informations telles que l&#8217;adresse de protocole Internet (par exemple, l&#8217;adresse IP) de votre appareil, le type de navigateur, la version du navigateur, les pages de notre service que vous visitez, l&#8217;heure et la date de votre visite, le temps pass\u00e9 sur ces pages, les identifiants uniques des appareils et d&#8217;autres donn\u00e9es de diagnostic.<\/p><p>Lorsque vous acc\u00e9dez au service via un appareil mobile, nous pouvons collecter certaines informations automatiquement, y compris, mais sans s&#8217;y limiter, le type d&#8217;appareil mobile que vous utilisez, l&#8217;identifiant unique de votre appareil mobile, l&#8217;adresse IP de votre appareil mobile, votre syst\u00e8me d&#8217;exploitation mobile, le type de navigateur Internet mobile que vous utilisez, les identifiants uniques des appareils et d&#8217;autres donn\u00e9es de diagnostic.<\/p><p>Nous pouvons \u00e9galement collecter des informations envoy\u00e9es par votre navigateur chaque fois que vous visitez notre service ou lorsque vous acc\u00e9dez au service via un appareil mobile.<\/p><h4>\u00a0<\/h4><h4>Informations provenant des services de r\u00e9seaux sociaux tiers<\/h4><p>L&#8217;Entreprise vous permet de cr\u00e9er un compte et de vous connecter pour utiliser le service via les services de r\u00e9seaux sociaux tiers suivants :<\/p><ul><li>Google<\/li><li>Facebook<\/li><li>Instagram<\/li><li>Twitter<\/li><li>LinkedIn<\/li><\/ul><p>\u00a0<\/p><p>Si vous choisissez de vous inscrire ou de nous accorder l&#8217;acc\u00e8s \u00e0 un service de r\u00e9seau social tiers, nous pouvons collecter des donn\u00e9es personnelles d\u00e9j\u00e0 associ\u00e9es \u00e0 votre compte sur ce service, telles que votre nom, votre adresse e-mail, vos activit\u00e9s ou votre liste de contacts associ\u00e9e \u00e0 ce compte.<\/p><p>Vous pouvez \u00e9galement avoir la possibilit\u00e9 de partager des informations suppl\u00e9mentaires avec l&#8217;Entreprise via le compte de votre service de r\u00e9seau social tiers. Si vous choisissez de fournir ces informations et donn\u00e9es personnelles, lors de l&#8217;inscription ou autrement, vous donnez \u00e0 l&#8217;Entreprise la permission de les utiliser, les partager et les stocker conform\u00e9ment \u00e0 cette Politique de Confidentialit\u00e9.<\/p><h4>\u00a0<\/h4><h4>Technologies de suivi et Cookies<\/h4><p>\u00a0<\/p><p>Nous utilisons des cookies et des technologies de suivi similaires pour suivre l&#8217;activit\u00e9 sur notre service et stocker certaines informations. Les technologies de suivi utilis\u00e9es sont des balises, des tags et des scripts pour collecter et suivre les informations et pour am\u00e9liorer et analyser notre service. Les technologies que nous utilisons peuvent inclure :<\/p><ul><li><strong>Cookies ou Cookies de navigateur:<\/strong>\u00a0Un cookie est un petit fichier plac\u00e9 sur votre appareil. Vous pouvez demander \u00e0 votre navigateur de refuser tous les cookies ou d&#8217;indiquer quand un cookie est envoy\u00e9. Cependant, si vous n&#8217;acceptez pas les cookies, vous ne pourrez peut-\u00eatre pas utiliser certaines parties de notre service. Sauf si vous avez r\u00e9gl\u00e9 votre navigateur pour qu&#8217;il refuse les cookies, notre service peut utiliser des cookies.<\/li><li><strong>Balises Web:<\/strong>\u00a0Certaines sections de notre service et de nos e-mails peuvent contenir des petits fichiers \u00e9lectroniques connus sous le nom de balises web (\u00e9galement appel\u00e9es gifs clairs, tags pixel et gifs \u00e0 pixel unique) qui permettent \u00e0 l&#8217;Entreprise, par exemple, de compter les utilisateurs qui ont visit\u00e9 ces pages ou ouvert un e-mail et pour d&#8217;autres statistiques connexes au site web (par exemple, enregistrer la popularit\u00e9 d&#8217;une certaine section et v\u00e9rifier l&#8217;int\u00e9grit\u00e9 du syst\u00e8me et du serveur).<\/li><\/ul><p>Les cookies peuvent \u00eatre &#8220;persistants&#8221; ou &#8220;de session&#8221;. Les cookies persistants restent sur votre ordinateur personnel ou appareil mobile lorsque vous vous d\u00e9connectez, tandis que les cookies de session sont supprim\u00e9s d\u00e8s que vous fermez votre navigateur web.<\/p><p>Nous utilisons \u00e0 la fois des cookies de session et des cookies persistants aux fins d\u00e9crites ci-dessous :<\/p><ul><li><strong>Cookies essentiels \/ n\u00e9cessaires<\/strong><\/li><li>Type : Cookies de session<p>Administr\u00e9s par : Nous<\/p><p>Objectif : Ces cookies sont essentiels pour vous fournir les services disponibles via le site web et pour vous permettre d&#8217;utiliser certaines de ses fonctionnalit\u00e9s. Ils aident \u00e0 authentifier les utilisateurs et \u00e0 emp\u00eacher l&#8217;utilisation frauduleuse des comptes d&#8217;utilisateurs. Sans ces cookies, les services que vous avez demand\u00e9s ne peuvent pas \u00eatre fournis, et nous n&#8217;utilisons ces cookies que pour vous fournir ces services.<\/p><\/li><li><strong>Cookies de politique de cookies \/ d&#8217;acceptation des cookies<\/strong><\/li><li>Type : Cookies persistants<p>Administr\u00e9s par : Nous<\/p><p>Objectif : Ces cookies identifient si les utilisateurs ont accept\u00e9 l&#8217;utilisation de cookies sur le site web.<\/p><\/li><li><strong>Cookies de fonctionnalit\u00e9<\/strong><\/li><li>Type : Cookies persistants<p>Administr\u00e9s par : Nous<\/p><p>Objectif : Ces cookies nous permettent de nous souvenir des choix que vous faites lorsque vous utilisez le site web, tels que la m\u00e9morisation de vos identifiants de connexion ou de votre pr\u00e9f\u00e9rence linguistique. L&#8217;objectif de ces cookies est de vous offrir une exp\u00e9rience plus personnalis\u00e9e et d&#8217;\u00e9viter que vous n&#8217;ayez \u00e0 saisir vos pr\u00e9f\u00e9rences \u00e0 chaque fois que vous utilisez le site web.<\/p><\/li><\/ul><p>Pour plus d&#8217;informations sur les cookies que nous utilisons et vos choix concernant les cookies, veuillez consulter notre Politique de Cookies ou la section Cookies de notre Politique de Confidentialit\u00e9.<\/p>\t\t\t\t\t\t\t\t<\/div>\n\t\t\t\t<\/div>\n\t\t\t\t\t<\/div>\n\t\t<\/div>\n\t\t\t\t\t<\/div>\n\t\t<\/section>\n\t\t\t\t<\/div>","protected":false},"excerpt":{"rendered":"<p>Politique de Confidentialit\u00e9 Derni\u00e8re mise \u00e0 jour : 08 octobre 2024 Cette Politique de Confidentialit\u00e9 d\u00e9crit nos politiques et proc\u00e9dures concernant la collecte, l&#8217;utilisation et la divulgation de vos informations lorsque vous utilisez le service, et vous informe de vos droits en mati\u00e8re de confidentialit\u00e9 et de la mani\u00e8re dont la loi vous prot\u00e8ge. Nous utilisons vos donn\u00e9es personnelles pour fournir et am\u00e9liorer le service. En utilisant le service, vous acceptez la collecte et l&#8217;utilisation d&#8217;informations conform\u00e9ment \u00e0 cette politique de confidentialit\u00e9. Interpr\u00e9tation et D\u00e9finitions Interpr\u00e9tation Les mots dont la premi\u00e8re lettre est en majuscule ont des significations d\u00e9finies dans les conditions suivantes. Les d\u00e9finitions suivantes auront la m\u00eame signification, qu&#8217;elles apparaissent au singulier ou au pluriel. D\u00e9finitions Aux fins de cette Politique de Confidentialit\u00e9 : Compte: d\u00e9signe un compte unique cr\u00e9\u00e9 pour que vous puissiez acc\u00e9der \u00e0 notre service ou \u00e0 certaines parties de notre service. Affili\u00e9: d\u00e9signe une entit\u00e9 qui contr\u00f4le, est contr\u00f4l\u00e9e par ou est sous contr\u00f4le commun avec une partie, o\u00f9 le &#8220;contr\u00f4le&#8221; signifie la propri\u00e9t\u00e9 de 50 % ou plus des actions, des int\u00e9r\u00eats financiers ou d&#8217;autres titres donnant droit de vote pour l&#8217;\u00e9lection des administrateurs ou d&#8217;autres autorit\u00e9s de gestion. Entreprise: (d\u00e9sign\u00e9e soit par&#8230;<\/p>","protected":false},"author":1,"featured_media":0,"parent":0,"menu_order":0,"comment_status":"closed","ping_status":"closed","template":"","meta":{"footnotes":""},"class_list":["post-11775","page","type-page","status-publish","hentry"],"_links":{"self":[{"href":"https:\/\/api.xn--bacult-gva.com\/ar\/wp-json\/wp\/v2\/pages\/11775","targetHints":{"allow":["GET"]}}],"collection":[{"href":"https:\/\/api.xn--bacult-gva.com\/ar\/wp-json\/wp\/v2\/pages"}],"about":[{"href":"https:\/\/api.xn--bacult-gva.com\/ar\/wp-json\/wp\/v2\/types\/page"}],"author":[{"embeddable":true,"href":"https:\/\/api.xn--bacult-gva.com\/ar\/wp-json\/wp\/v2\/users\/1"}],"replies":[{"embeddable":true,"href":"https:\/\/api.xn--bacult-gva.com\/ar\/wp-json\/wp\/v2\/comments?post=11775"}],"version-history":[{"count":16,"href":"https:\/\/api.xn--bacult-gva.com\/ar\/wp-json\/wp\/v2\/pages\/11775\/revisions"}],"predecessor-version":[{"id":15408,"href":"https:\/\/api.xn--bacult-gva.com\/ar\/wp-json\/wp\/v2\/pages\/11775\/revisions\/15408"}],"wp:attachment":[{"href":"https:\/\/api.xn--bacult-gva.com\/ar\/wp-json\/wp\/v2\/media?parent=11775"}],"curies":[{"name":"wp","href":"https:\/\/api.w.org\/{rel}","templated":true}]}}