{"id":3470,"date":"2025-08-07T11:15:40","date_gmt":"2025-08-07T11:15:40","guid":{"rendered":"https:\/\/dreamslms-wp.dreamstechnologies.com\/?page_id=3470"},"modified":"2025-11-11T14:57:56","modified_gmt":"2025-11-11T13:57:56","slug":"faq-2","status":"publish","type":"page","link":"https:\/\/api.xn--bacult-gva.com\/ar\/faq-2\/","title":{"rendered":"\u0627\u0644\u0623\u0633\u0626\u0644\u0629 \u0627\u0644\u0634\u0627\u0626\u0639\u0629"},"content":{"rendered":"<div data-elementor-type=\"wp-page\" data-elementor-id=\"3470\" class=\"elementor elementor-3470\" data-elementor-post-type=\"page\">\n\t\t\t\t\t\t<section class=\"elementor-section elementor-top-section elementor-element elementor-element-c04f8d5 elementor-section-boxed elementor-section-height-default elementor-section-height-default\" data-id=\"c04f8d5\" data-element_type=\"section\" data-e-type=\"section\">\n\t\t\t\t\t\t<div class=\"elementor-container elementor-column-gap-default\">\n\t\t\t\t\t<div class=\"elementor-column elementor-col-100 elementor-top-column elementor-element elementor-element-80c2a00\" data-id=\"80c2a00\" data-element_type=\"column\" data-e-type=\"column\">\n\t\t\t<div class=\"elementor-widget-wrap elementor-element-populated\">\n\t\t\t\t\t\t<div class=\"elementor-element elementor-element-90e4011 elementor-widget elementor-widget-spacer\" data-id=\"90e4011\" data-element_type=\"widget\" data-e-type=\"widget\" data-widget_type=\"spacer.default\">\n\t\t\t\t<div class=\"elementor-widget-container\">\n\t\t\t\t\t\t\t<div class=\"elementor-spacer\">\n\t\t\t<div class=\"elementor-spacer-inner\"><\/div>\n\t\t<\/div>\n\t\t\t\t\t\t<\/div>\n\t\t\t\t<\/div>\n\t\t\t\t\t<\/div>\n\t\t<\/div>\n\t\t\t\t\t<\/div>\n\t\t<\/section>\n\t\t\t\t<section class=\"elementor-section elementor-top-section elementor-element elementor-element-dfc2036 elementor-section-boxed elementor-section-height-default elementor-section-height-default\" data-id=\"dfc2036\" data-element_type=\"section\" data-e-type=\"section\">\n\t\t\t\t\t\t<div class=\"elementor-container elementor-column-gap-default\">\n\t\t\t\t\t<div class=\"elementor-column elementor-col-100 elementor-top-column elementor-element elementor-element-634f454\" data-id=\"634f454\" data-element_type=\"column\" data-e-type=\"column\">\n\t\t\t<div class=\"elementor-widget-wrap elementor-element-populated\">\n\t\t\t\t\t\t<div class=\"elementor-element elementor-element-7e6d9e4 elementor-widget elementor-widget-dreamslms-home1-faq\" data-id=\"7e6d9e4\" data-element_type=\"widget\" data-e-type=\"widget\" data-widget_type=\"dreamslms-home1-faq.default\">\n\t\t\t\t<div class=\"elementor-widget-container\">\n\t\t\t\t\t            <section class=\"faq-section\">\r\n                <div class=\"container\">\r\n                    <div class=\"row align-items-center\">\r\n                        <div class=\"col-lg-5 pe-md-5\">\r\n                            <div class=\"position-relative faq-image-wrapper\">\r\n                                <img fetchpriority=\"high\" decoding=\"async\" width=\"800\" height=\"835\" src=\"https:\/\/api.xn--bacult-gva.com\/wp-content\/uploads\/2025\/08\/feature-27-3.jpg\" class=\"attachment-full size-full wp-image-3313\" alt=\"\" srcset=\"https:\/\/api.xn--bacult-gva.com\/wp-content\/uploads\/2025\/08\/feature-27-3.jpg 800w, https:\/\/api.xn--bacult-gva.com\/wp-content\/uploads\/2025\/08\/feature-27-3-287x300.jpg 287w, https:\/\/api.xn--bacult-gva.com\/wp-content\/uploads\/2025\/08\/feature-27-3-768x802.jpg 768w, https:\/\/api.xn--bacult-gva.com\/wp-content\/uploads\/2025\/08\/feature-27-3-600x626.jpg 600w\" sizes=\"(max-width: 800px) 100vw, 800px\" \/>                                <div class=\"faq-icon-box bg-warning text-center p-3 rounded-5 position-absolute top-0 end-0 z-index-1 my-3 mx-3\">\r\n                                    <i class=\"isax isax-message-question5 heading-color\"><\/i>\r\n                                <\/div>\r\n                            <\/div>\r\n                        <\/div>\r\n                        <div class=\"col-lg-7\">\r\n                            <div class=\"section-header1\">\r\n                                                                    <span class=\"fw-medium text-secondary text-decoration-underline mb-2 d-inline-block\">\r\n                                        \u0627\u0644\u0623\u0633\u0626\u0644\u0629                                    <\/span>\r\n                                                                \r\n                                                                    <h2>\u0627\u0644\u0623\u0633\u0626\u0644\u0629 \u0627\u0644\u0634\u0627\u0626\u0639\u0629<\/h2>\r\n                                                                \r\n                                                                    <p>\u0623\u0643\u062b\u0631 \u0627\u0644\u0623\u0633\u0626\u0644\u0629 \u0634\u064a\u0648\u0639\u064b\u0627 \u0644\u0627\u0633\u062a\u062e\u062f\u0627\u0645 \u0645\u0646\u0635\u0629 Bacult\u00e9<\/p>\r\n                                                            <\/div>\r\n                            <div class=\"faq-content mt-4\">\r\n                                <div class=\"accordion accordion-customicon1 accordions-items-seperate\" id=\"faq-accordion-7e6d9e4\">\r\n                                                                            <div class=\"accordion-item\">\r\n                                            <h2 class=\"accordion-header\" id=\"heading-faq-accordion-7e6d9e4-0\">\r\n                                                <a href=\"#\" class=\"accordion-button\" data-bs-toggle=\"collapse\" data-bs-target=\"#collapse-faq-accordion-7e6d9e4-0\" aria-expanded=\"true\" aria-controls=\"collapse-faq-accordion-7e6d9e4-0\">\r\n                                                    \u0643\u064a\u0641 \u062a\u0639\u0645\u0644 \u0645\u0646\u0635\u0629 Bacult\u00e9 \u061f <i class=\"isax isax-add fs-20 fw-semibold ms-1\"><\/i>\r\n                                                <\/a>\r\n                                            <\/h2>\r\n                                            <div id=\"collapse-faq-accordion-7e6d9e4-0\" class=\"accordion-collapse collapse show\" aria-labelledby=\"heading-faq-accordion-7e6d9e4-0\" data-bs-parent=\"#faq-accordion-7e6d9e4\">\r\n                                                <div class=\"accordion-body pt-0\">\r\n                                                    <p>Bacult\u00e9 propose des cours de soutien pour toutes les mati\u00e8res du lyc\u00e9e et de la facult\u00e9. <br \/>Vous trouverez des vid\u00e9os, des exercices interactifs et des s\u00e9ances de tutorat en direct.<\/p>                                                <\/div>\r\n                                            <\/div>\r\n                                        <\/div>\r\n                                                                            <div class=\"accordion-item\">\r\n                                            <h2 class=\"accordion-header\" id=\"heading-faq-accordion-7e6d9e4-1\">\r\n                                                <a href=\"#\" class=\"accordion-button collapsed\" data-bs-toggle=\"collapse\" data-bs-target=\"#collapse-faq-accordion-7e6d9e4-1\" aria-expanded=\"false\" aria-controls=\"collapse-faq-accordion-7e6d9e4-1\">\r\n                                                    \u0645\u0627 \u0647\u064a \u0627\u0644\u0645\u0633\u062a\u0648\u064a\u0627\u062a \u0648\u0627\u0644\u0645\u0648\u0627\u062f \u0627\u0644\u0645\u0634\u0645\u0648\u0644\u0629\u061f <i class=\"isax isax-add fs-20 fw-semibold ms-1\"><\/i>\r\n                                                <\/a>\r\n                                            <\/h2>\r\n                                            <div id=\"collapse-faq-accordion-7e6d9e4-1\" class=\"accordion-collapse collapse\" aria-labelledby=\"heading-faq-accordion-7e6d9e4-1\" data-bs-parent=\"#faq-accordion-7e6d9e4\">\r\n                                                <div class=\"accordion-body pt-0\">\r\n                                                    <p>\u062c\u0645\u064a\u0639 \u0645\u0648\u0627\u062f \u0627\u0644\u0645\u0631\u062d\u0644\u0629 \u0627\u0644\u062b\u0627\u0646\u0648\u064a\u0629 \u0648\u0627\u0644\u062c\u0627\u0645\u0639\u0629: \u0627\u0644\u0631\u064a\u0627\u0636\u064a\u0627\u062a\u060c \u0627\u0644\u0641\u064a\u0632\u064a\u0627\u0621\u060c \u0627\u0644\u0643\u064a\u0645\u064a\u0627\u0621\u060c \u0627\u0644\u0644\u063a\u0627\u062a\u060c \u0627\u0644\u0627\u0642\u062a\u0635\u0627\u062f\u060c \u0648\u063a\u064a\u0631\u0647\u0627.<\/p>                                                <\/div>\r\n                                            <\/div>\r\n                                        <\/div>\r\n                                                                            <div class=\"accordion-item\">\r\n                                            <h2 class=\"accordion-header\" id=\"heading-faq-accordion-7e6d9e4-2\">\r\n                                                <a href=\"#\" class=\"accordion-button collapsed\" data-bs-toggle=\"collapse\" data-bs-target=\"#collapse-faq-accordion-7e6d9e4-2\" aria-expanded=\"false\" aria-controls=\"collapse-faq-accordion-7e6d9e4-2\">\r\n                                                    \u0647\u0644 \u0627\u0644\u062f\u0631\u0648\u0633 \u0645\u0628\u0627\u0634\u0631\u0629 \u0623\u0645 \u0645\u0633\u062c\u0644\u0629\u061f <i class=\"isax isax-add fs-20 fw-semibold ms-1\"><\/i>\r\n                                                <\/a>\r\n                                            <\/h2>\r\n                                            <div id=\"collapse-faq-accordion-7e6d9e4-2\" class=\"accordion-collapse collapse\" aria-labelledby=\"heading-faq-accordion-7e6d9e4-2\" data-bs-parent=\"#faq-accordion-7e6d9e4\">\r\n                                                <div class=\"accordion-body pt-0\">\r\n                                                    <p>\u064a\u0645\u0643\u0646\u0643\u0645 \u0627\u0644\u0648\u0635\u0648\u0644 \u0625\u0644\u0649 \u0645\u0642\u0627\u0637\u0639 \u0641\u064a\u062f\u064a\u0648 \u0645\u0633\u062c\u0651\u0644\u0629 \u0648\u0627\u0644\u0645\u0634\u0627\u0631\u0643\u0629 \u0641\u064a \u0627\u0644\u062c\u0644\u0633\u0627\u062a \u0627\u0644\u0645\u0628\u0627\u0634\u0631\u0629 \u062d\u0633\u0628 \u0627\u0644\u062c\u062f\u0648\u0644 \u0627\u0644\u0632\u0645\u0646\u064a.<\/p>                                                <\/div>\r\n                                            <\/div>\r\n                                        <\/div>\r\n                                                                            <div class=\"accordion-item\">\r\n                                            <h2 class=\"accordion-header\" id=\"heading-faq-accordion-7e6d9e4-3\">\r\n                                                <a href=\"#\" class=\"accordion-button collapsed\" data-bs-toggle=\"collapse\" data-bs-target=\"#collapse-faq-accordion-7e6d9e4-3\" aria-expanded=\"false\" aria-controls=\"collapse-faq-accordion-7e6d9e4-3\">\r\n                                                    \u0643\u064a\u0641 \u064a\u0645\u0643\u0646\u0646\u064a \u0627\u0644\u062a\u0633\u062c\u064a\u0644 \u0641\u064a \u0645\u0646\u0635\u0629 Bacult\u00e9 \u061f <i class=\"isax isax-add fs-20 fw-semibold ms-1\"><\/i>\r\n                                                <\/a>\r\n                                            <\/h2>\r\n                                            <div id=\"collapse-faq-accordion-7e6d9e4-3\" class=\"accordion-collapse collapse\" aria-labelledby=\"heading-faq-accordion-7e6d9e4-3\" data-bs-parent=\"#faq-accordion-7e6d9e4\">\r\n                                                <div class=\"accordion-body pt-0\">\r\n                                                    <p>Cr\u00e9ez un compte gratuitement en quelques clics, puis choisissez votre cours. <br \/>Vous pouvez commencer \u00e0 apprendre imm\u00e9diatement apr\u00e8s votre inscription.<\/p>                                                <\/div>\r\n                                            <\/div>\r\n                                        <\/div>\r\n                                                                    <\/div>\r\n                            <\/div>\r\n                        <\/div>\r\n                    <\/div>\r\n                <\/div>\r\n            <\/section>\r\n            \t\t\t\t<\/div>\n\t\t\t\t<\/div>\n\t\t\t\t\t<\/div>\n\t\t<\/div>\n\t\t\t\t\t<\/div>\n\t\t<\/section>\n\t\t\t\t<section class=\"elementor-section elementor-top-section elementor-element elementor-element-72557b2 elementor-section-boxed elementor-section-height-default elementor-section-height-default\" data-id=\"72557b2\" data-element_type=\"section\" data-e-type=\"section\">\n\t\t\t\t\t\t<div class=\"elementor-container elementor-column-gap-default\">\n\t\t\t\t\t<div class=\"elementor-column elementor-col-100 elementor-top-column elementor-element elementor-element-d7cc995\" data-id=\"d7cc995\" data-element_type=\"column\" data-e-type=\"column\">\n\t\t\t<div class=\"elementor-widget-wrap elementor-element-populated\">\n\t\t\t\t\t\t<div class=\"elementor-element elementor-element-951fdda elementor-widget elementor-widget-spacer\" data-id=\"951fdda\" data-element_type=\"widget\" data-e-type=\"widget\" data-widget_type=\"spacer.default\">\n\t\t\t\t<div class=\"elementor-widget-container\">\n\t\t\t\t\t\t\t<div class=\"elementor-spacer\">\n\t\t\t<div class=\"elementor-spacer-inner\"><\/div>\n\t\t<\/div>\n\t\t\t\t\t\t<\/div>\n\t\t\t\t<\/div>\n\t\t\t\t\t<\/div>\n\t\t<\/div>\n\t\t\t\t\t<\/div>\n\t\t<\/section>\n\t\t\t\t<\/div>","protected":false},"excerpt":{"rendered":"<p>FAQs Questions Fr\u00e9quentes Les Questions les plus fr\u00e9quentes pour une utlisation optimale de notre plateforme Bacult\u00e9. Comment fonctionne la plateforme Bacult\u00e9 ? Bacult\u00e9 propose des cours de soutien pour toutes les mati\u00e8res du lyc\u00e9e et de la facult\u00e9. Vous trouverez des vid\u00e9os, des exercices interactifs et des s\u00e9ances de tutorat en direct. Quels niveaux et mati\u00e8res sont couverts ? Toutes les mati\u00e8res du lyc\u00e9e et de l\u2019universit\u00e9 : math\u00e9matiques, physique, chimie, langues, \u00e9conomie, etc. Les cours sont-ils en direct ou enregistr\u00e9s ? Acc\u00e9dez \u00e0 des vid\u00e9os enregistr\u00e9es et participez \u00e0 des sessions en direct selon le planning. Comment puis-je m&#039;inscrire sur Bacult\u00e9 ? Cr\u00e9ez un compte gratuitement en quelques clics, puis choisissez votre cours. Vous pouvez commencer \u00e0 apprendre imm\u00e9diatement apr\u00e8s votre inscription.<\/p>","protected":false},"author":1,"featured_media":0,"parent":0,"menu_order":0,"comment_status":"closed","ping_status":"closed","template":"","meta":{"footnotes":""},"class_list":["post-3470","page","type-page","status-publish","hentry"],"_links":{"self":[{"href":"https:\/\/api.xn--bacult-gva.com\/ar\/wp-json\/wp\/v2\/pages\/3470","targetHints":{"allow":["GET"]}}],"collection":[{"href":"https:\/\/api.xn--bacult-gva.com\/ar\/wp-json\/wp\/v2\/pages"}],"about":[{"href":"https:\/\/api.xn--bacult-gva.com\/ar\/wp-json\/wp\/v2\/types\/page"}],"author":[{"embeddable":true,"href":"https:\/\/api.xn--bacult-gva.com\/ar\/wp-json\/wp\/v2\/users\/1"}],"replies":[{"embeddable":true,"href":"https:\/\/api.xn--bacult-gva.com\/ar\/wp-json\/wp\/v2\/comments?post=3470"}],"version-history":[{"count":27,"href":"https:\/\/api.xn--bacult-gva.com\/ar\/wp-json\/wp\/v2\/pages\/3470\/revisions"}],"predecessor-version":[{"id":16088,"href":"https:\/\/api.xn--bacult-gva.com\/ar\/wp-json\/wp\/v2\/pages\/3470\/revisions\/16088"}],"wp:attachment":[{"href":"https:\/\/api.xn--bacult-gva.com\/ar\/wp-json\/wp\/v2\/media?parent=3470"}],"curies":[{"name":"wp","href":"https:\/\/api.w.org\/{rel}","templated":true}]}}