{"id":4258,"date":"2020-08-09T10:17:54","date_gmt":"2020-08-09T10:17:54","guid":{"rendered":"https:\/\/raistheme.com\/wp\/eduent\/student-registration\/"},"modified":"2025-09-23T07:58:43","modified_gmt":"2025-09-23T06:58:43","slug":"student-registration","status":"publish","type":"page","link":"https:\/\/api.xn--bacult-gva.com\/ar\/student-registration\/","title":{"rendered":"Student Registration"},"content":{"rendered":" \n\n<div class=\"container d-flex flex-column tutor-course-entry-box-login5\">\n\t<div class=\"row align-items-center justify-content-center g-0 min-vh-100\">\n\t\t<div class=\"col-md-6 login-bg\">\n\t\t\t<div class=\"owl-carousel login-slide owl-theme\">\n            \t\t\t\t<div class=\"welcome-login\">\n\t\t\t\t\t<div class=\"login-banner\">\n\t\t\t\t\t\t<img decoding=\"async\" src=\"https:\/\/api.xn--bacult-gva.com\/wp-content\/uploads\/2023\/02\/login-img-1.png\" alt=\"\" class=\"img-fluid\">\n\t\t\t\t\t<\/div>\n\t\t\t\t\t<div class=\"mentor-course text-center\">\n\t\t\t\t\t\t<h2>Bienvenue chez bacult\u00e9.<\/h2>\n\t\t\t\t\t\t<p>Notre mission transcendante est de forger des passerelles vers l\u2019excellence acad\u00e9mique.\r\n\r\nNous sommes le partenaire infatigable de chaque apprenant tout au long de leur p\u00e9riple \u00e9ducatif, de la premi\u00e8re \u00e9tape du secondaire au d\u00e9fi du baccalaur\u00e9at, jusqu\u2019\u00e0 la transition vers le monde stimulant de la facult\u00e9.<\/p>\n\t\t\t\t\t<\/div>\n\t\t\t\t<\/div>\n                      <\/div>\n\t\t<\/div>\n\t\t\n\t\t<div class=\"col-md-6 login-wrap-bg\">\n\t\t\t<div class=\"login-wrapper\">\n\t\t\t\t<div class=\"loginbox\">\n\t\t\t\t\t<div class=\"w-100\">\n\t\t\t\t\t\t<div class=\"img-logo\">\n\t\t\t\t\t\t\t<img decoding=\"async\" src=\"https:\/\/api.xn--bacult-gva.com\/wp-content\/uploads\/2025\/09\/cropped-final-09.png\"\/>\n\t\t\t\t\t\t\t<div class=\"back-home\">\n\t\t\t\t\t\t\t\t<a href=\"https:\/\/api.xn--bacult-gva.com\/ar\">Back to Home<\/a>\n\t\t\t\t\t\t\t<\/div>\n\t\t\t\t\t\t<\/div>\n\t\t\t\t\t\t\t\t\t\t\t\t\t\t\t<h1>Cr\u00e9er un compte<\/h1>\n                                \t\t\t\t\t\t\t\t\t\t\t\t\n\t\t\t\t\t\t\t<!-- form -->\n\t\t\t\t\t\t\t<form method=\"post\" enctype=\"multipart\/form-data\" id=\"tutor-registration-from\">\n\n\t\t\t\t\t\t\t<input type=\"hidden\" name=\"tutor_course_enroll_attempt\" value=\"\">\n\t\t\t\t\t\t\t\n\t\t\t\t\t\t\t<input type=\"hidden\" id=\"_tutor_nonce\" name=\"_tutor_nonce\" value=\"97ecf8f94c\" \/><input type=\"hidden\" name=\"_wp_http_referer\" value=\"\/ar\/wp-json\/wp\/v2\/pages\/4258\" \/>\t\t\t\t\t\t\t<input type=\"hidden\" value=\"tutor_register_student\" name=\"tutor_action\"\/>\n\n\t\t\t\t\t\t\t<div class=\"row row-cols-1\">\n\t\t\t\t\t\t\t\t<div class=\"form-group\">\n\t\t\t\t\t\t\t\t\t<label class=\"form-control-label\">\n\t\t\t\t\t\t\t\t\t\tFirst Name\t\t\t\t\t\t\t\t\t<\/label>\n\n\t\t\t\t\t\t\t\t\t<input class=\"form-control\" type=\"text\" name=\"first_name\" value=\"\" placeholder=\"First Name\" required autocomplete=\"given-name\">\n\t\t\t\t\t\t\t\t<\/div>\n\n\t\t\t\t\t\t\t\t<div class=\"form-group\">\n\t\t\t\t\t\t\t\t\t<label class=\"form-control-label\">\n\t\t\t\t\t\t\t\t\t\tLast Name\t\t\t\t\t\t\t\t\t<\/label>\n\n\t\t\t\t\t\t\t\t\t<input class=\"form-control\" type=\"text\" name=\"last_name\" value=\"\" placeholder=\"Last Name\" required autocomplete=\"family-name\">\n\t\t\t\t\t\t\t\t<\/div>\n\n\t\t\t\t\t\t\t\t<div class=\"form-group\">\n\t\t\t\t\t\t\t\t\t<label class=\"form-control-label\">\n\t\t\t\t\t\t\t\t\t\tUsername\t\t\t\t\t\t\t\t\t<\/label>\n\n\t\t\t\t\t\t\t\t\t<input class=\"form-control\" type=\"text\" name=\"user_login\" class=\"tutor_user_name\" value=\"\" placeholder=\"Username\" required autocomplete=\"username\">\n\t\t\t\t\t\t\t\t<\/div>\n\n\t\t\t\t\t\t\t\t<div class=\"form-group\">\n\t\t\t\t\t\t\t\t\t<label class=\"form-control-label\">\n\t\t\t\t\t\t\t\t\t\tEmail\t\t\t\t\t\t\t\t\t<\/label>\n\n\t\t\t\t\t\t\t\t\t<input class=\"form-control\" type=\"text\" name=\"email\" value=\"\" placeholder=\"Email\" required autocomplete=\"email\">\n\t\t\t\t\t\t\t\t<\/div>\n\n\n\t\t\t\t\t\t\t\t<div class=\"form-group\">\n\t\t\t\t\t\t\t\t\t<label class=\"form-control-label\">\n\t\t\t\t\t\t\t\t\t\tPassword\t\t\t\t\t\t\t\t\t<\/label>\n\n\t\t\t\t\t\t\t\t\t<input class=\"form-control\" type=\"password\" name=\"password\" value=\"\" placeholder=\"Password\" required autocomplete=\"new-password\">\n\t\t\t\t\t\t\t\t<\/div>\n\n\t\t\t\t\t\t\t\t<div class=\"form-group\">\n\t\t\t\t\t\t\t\t\t<label class=\"form-control-label\">\n\t\t\t\t\t\t\t\t\t\tPassword confirmation\t\t\t\t\t\t\t\t\t<\/label>\n\t\t\t\t\t\t\t\t\t<input class=\"form-control\" type=\"password\" name=\"password_confirmation\" value=\"\" placeholder=\"Password Confirmation\" required autocomplete=\"new-password\">\n\t\t\t\t\t\t\t\t<\/div>\n\t\t\t\t\t\t\t<\/div>\n\n\t\t\t\t\t\t\t\n\t\t\t\t\t\t\t\t\t\t\t\t\t\t\t<div class=\"tutor-mb-24\">\n\t\t\t\t\t\t\t\t\tBy signing up, I agree with the website&#039;s <a target=\"_blank\" href=\"https:\/\/api.xn--bacult-gva.com\/ar\/politique-de-confidentialite\/\" title=\"Terms and Conditions\" rel=\"noopener noreferrer\">Terms and Conditions<\/a>\n\t\t\t\t\t\t\t\t<\/div>\n\t\t\t\t\t\t\t\n\t\t\t\t\t\t\t<div class=\"tutor-form-group tutor-reg-form-btn-wrap d-grid\">\n\t\t\t\t\t\t\t\t<button type=\"submit\" name=\"tutor_register_student_btn\" value=\"register\" class=\"btn btn-primary btn-start\">Create Account<\/button>\n\t\t\t\t\t\t\t<\/div>\n\n\t\t\t\t\t\t\t<\/form>\n\t\t\t\t\t\t\t<!-- form -->\n\n\t\t\t\t\t\t\t\t<script src=\"https:\/\/www.google.com\/recaptcha\/api.js?render=6LeYxVsqAAAAAJgFd8vMnDgaQFSIGSviJ3LGWJZl\"><\/script>\n\t\t\t\n\t\t\t<input type=\"hidden\" id=\"recaptcha_token\" name=\"recaptcha_token\">\n\t\t\t<script>\n\t\t\t\tgrecaptcha.ready(function() {\n\t\t\t\t\tgrecaptcha.execute('6LeYxVsqAAAAAJgFd8vMnDgaQFSIGSviJ3LGWJZl', {action: 'form_submit'}).then(function(token) {\n\t\t\t\t\t\tdocument.getElementById('recaptcha_token').value = token;\n\t\t\t\t\t});\n\t\t\t\t});\n\t\t\t<\/script>\n\t\t\t\n<div class=\" mt-3 text-center signup_bottom\">\n<p class=\"mb-0\">Already have an account? <a class=\"link_color\"  href=\"https:\/\/api.xn--bacult-gva.com\/ar\/login\">Login<\/a><\/p>\n\n\t\t\t\t<\/div>\n\t\t\t\t\t<\/div>\n\t\t\t\t\t\n\t\t\t\t<\/div>\n\t \n\t\t\t<\/div>\n\t\t<\/div>\n\n\n\n\n\n\t\t<div class=\"col-lg-5 col-md-8 py-8 py-xl-0\">\n\t\t\t \t\t\t\n\t\t<\/div>\n\t<\/div>\n<\/div>\n<div class=\"tutor-login-modal tutor-modal\">\n    <span class=\"tutor-modal-overlay\"><\/span>\n    <div class=\"tutor-modal-window tutor-modal-window-sm\">\n        <div class=\"tutor-modal-content tutor-modal-content-white\">\n            <button data-tutor-modal-close class=\"tutor-modal-close-o bg-transparent border-0\">\n                <span class=\"tutor-icon-times\"><\/span>\n            <\/button>\n            \n            <div class=\"tutor-modal-body p-4\">\n                \t\t<div class=\"mb-3 text-center\">\r\n\t\t\t<h3 class=\"\">Login<\/h3>\r\n\t\t\t\t\t\t\t<span class=\"\">Don&#039;t have an account?&nbsp;<a href=\"https:\/\/api.xn--bacult-gva.com\/ar\/register\/\" class=\"ms-1\">Register<\/a><\/span>\r\n\t\t\t\t\t<\/div>\r\n\t                <form id=\"tutor-login-form\" method=\"post\">\n                                        <input type=\"hidden\" id=\"_tutor_nonce\" name=\"_tutor_nonce\" value=\"97ecf8f94c\" \/><input type=\"hidden\" name=\"_wp_http_referer\" value=\"\/ar\/wp-json\/wp\/v2\/pages\/4258\" \/>                    <input type=\"hidden\" name=\"tutor_action\" value=\"tutor_user_login\" \/>\n                    <input type=\"hidden\" name=\"redirect_to\" value=\"https:\/\/api.xn--bacult-gva.com\/ar\/wp-json\/wp\/v2\/pages\/4258\" \/>\n\n                    <p class=\"login-username mb-4\">\n\t\t\t\t\t\t<label class=\"form-label\" for=\"user_login\">Username or Email Address<\/label>\n\t\t\t\t\t\t<input type=\"text\" name=\"log\" id=\"user_login\" class=\"input form-control\" value=\"\" size=\"20\" required\/>\n\t\t\t\t\t<\/p>\n\n\t\t\t\t\t<p class=\"login-password mb-4\">\n\t\t\t\t\t\t<label class=\"form-label\" for=\"user_pass\">Password<\/label>\n\t\t\t\t\t\t<input type=\"password\"  name=\"pwd\" id=\"user_pass\" class=\"input form-control\" value=\"\" size=\"20\" required\/>\n\t\t\t\t\t<\/p>\n\n                    <div class=\"tutor-login-error\">\n\n                    <\/div>\n                    \t\t<input type=\"hidden\" name=\"timezone\" value=\"Africa\/Tunis\" \/>\n\t\t<script>\n\t\t\tdocument.addEventListener('DOMContentLoaded', function() {\n\t\t\t\tconst timezone = document.querySelector('input[name=\"timezone\"]');\n\t\t\t\tif ( timezone) {\n\t\t\t\t\tconst tz = Intl.DateTimeFormat().resolvedOptions().timeZone;\n\t\t\t\t\ttimezone.value = tz\n\t\t\t\t}\n\t\t\t});\n\t\t<\/script>\n\t\t\t\t\t<script src=\"https:\/\/www.google.com\/recaptcha\/api.js?render=6LeYxVsqAAAAAJgFd8vMnDgaQFSIGSviJ3LGWJZl\"><\/script>\n\t\t\t\n\t\t\t<input type=\"hidden\" id=\"recaptcha_token\" name=\"recaptcha_token\">\n\t\t\t<script>\n\t\t\t\tgrecaptcha.ready(function() {\n\t\t\t\t\tgrecaptcha.execute('6LeYxVsqAAAAAJgFd8vMnDgaQFSIGSviJ3LGWJZl', {action: 'form_submit'}).then(function(token) {\n\t\t\t\t\t\tdocument.getElementById('recaptcha_token').value = token;\n\t\t\t\t\t});\n\t\t\t\t});\n\t\t\t<\/script>\n\t\t\t                    <div class=\"tutor-login-rememeber-wrap d-lg-flex justify-content-between align-items-center mb-4\">\n\t\t\t\t\t\t\n\t\t\t\t\t\t<p class=\"login-remember form-check mb-0\">\n\t\t\t\t\t\t\t<input name=\"rememberme\" class=\"form-check-input\" type=\"checkbox\" id=\"rememberme\" \n\t\t\t\t\t\t\t\tvalue=\"forever\"\n\t\t\t\t\t\t\t\t>\n\t\t\t\t\t\t\t<label class=\"form-check-label\" for=\"rememberme\">\n\t\t\t\t\t\t\t\tRemember Me\t\t\t\t\t\t\t<\/label>\n\t\t\t\t\t\t<\/p>\n\t\t\t\t\t\t\n\t\t\t\t\t\t<div>\n\t\t\t\t\t\t\t<a class=\"\" href=\"https:\/\/api.xn--bacult-gva.com\/ar\/dashboard\/retrieve-password\">\n\t\t\t\t\t\t\t\tForgot Password?\t\t\t\t\t\t\t<\/a>\n\t\t\t\t\t\t<\/div>\n\t\t\t\t\t<\/div>\n\n                                        <p class=\"login-submit d-grid mb-0\">\n\t                    <button type=\"submit\" class=\"btn btn-primary tutor-is-block\">\n\t                        Sign In\t                    <\/button>\n\t                <\/p>\n                    \n                <\/form>\n                \n            <\/div>\n        <\/div>\n    <\/div>\n<\/div>\n<script>\n    document.addEventListener('DOMContentLoaded', function() {\n        var { __ } = wp.i18n;\n        var loginModal = document.querySelector('.tutor-modal.tutor-login-modal');\n        var errors = [];\n        if (loginModal && errors.length) {\n            loginModal.classList.add('tutor-is-active');\n        }\n    });\n<\/script>\n\n","protected":false},"excerpt":{"rendered":"<p>Bienvenue chez bacult\u00e9. Notre mission transcendante est de forger des passerelles vers l\u2019excellence acad\u00e9mique. Nous sommes le partenaire infatigable de chaque apprenant tout au long de leur p\u00e9riple \u00e9ducatif, de la premi\u00e8re \u00e9tape du secondaire au d\u00e9fi du baccalaur\u00e9at, jusqu\u2019\u00e0 la transition vers le monde stimulant de la facult\u00e9. Back to Home Cr\u00e9er un compte First Name Last Name Username Email Password Password confirmation By signing up, I agree with the website&#039;s Terms and Conditions Create Account Already have an account? Login Login Don&#039;t have an account?&nbsp;Register Username or Email Address Password Remember Me Forgot Password? Sign In<\/p>","protected":false},"author":1,"featured_media":0,"parent":0,"menu_order":0,"comment_status":"closed","ping_status":"closed","template":"","meta":{"footnotes":""},"class_list":["post-4258","page","type-page","status-publish","hentry"],"_links":{"self":[{"href":"https:\/\/api.xn--bacult-gva.com\/ar\/wp-json\/wp\/v2\/pages\/4258","targetHints":{"allow":["GET"]}}],"collection":[{"href":"https:\/\/api.xn--bacult-gva.com\/ar\/wp-json\/wp\/v2\/pages"}],"about":[{"href":"https:\/\/api.xn--bacult-gva.com\/ar\/wp-json\/wp\/v2\/types\/page"}],"author":[{"embeddable":true,"href":"https:\/\/api.xn--bacult-gva.com\/ar\/wp-json\/wp\/v2\/users\/1"}],"replies":[{"embeddable":true,"href":"https:\/\/api.xn--bacult-gva.com\/ar\/wp-json\/wp\/v2\/comments?post=4258"}],"version-history":[{"count":1,"href":"https:\/\/api.xn--bacult-gva.com\/ar\/wp-json\/wp\/v2\/pages\/4258\/revisions"}],"predecessor-version":[{"id":15640,"href":"https:\/\/api.xn--bacult-gva.com\/ar\/wp-json\/wp\/v2\/pages\/4258\/revisions\/15640"}],"wp:attachment":[{"href":"https:\/\/api.xn--bacult-gva.com\/ar\/wp-json\/wp\/v2\/media?parent=4258"}],"curies":[{"name":"wp","href":"https:\/\/api.w.org\/{rel}","templated":true}]}}