{"id":5371,"date":"2021-03-01T17:43:00","date_gmt":"2021-03-01T17:43:00","guid":{"rendered":"https:\/\/raistheme.com\/wp\/gostudy\/?page_id=5371"},"modified":"2025-11-11T13:39:55","modified_gmt":"2025-11-11T12:39:55","slug":"a-propos","status":"publish","type":"page","link":"https:\/\/api.xn--bacult-gva.com\/ar\/a-propos\/","title":{"rendered":"\u062d\u0648\u0644"},"content":{"rendered":"<div data-elementor-type=\"wp-page\" data-elementor-id=\"5371\" class=\"elementor elementor-5371\" data-elementor-post-type=\"page\">\n\t\t\t\t\t\t<section class=\"elementor-section elementor-top-section elementor-element elementor-element-bc17300 elementor-section-boxed elementor-section-height-default elementor-section-height-default\" data-id=\"bc17300\" data-element_type=\"section\" data-e-type=\"section\">\n\t\t\t\t\t\t<div class=\"elementor-container elementor-column-gap-default\">\n\t\t\t\t\t<div class=\"elementor-column elementor-col-50 elementor-top-column elementor-element elementor-element-68ab4ec\" data-id=\"68ab4ec\" data-element_type=\"column\" data-e-type=\"column\">\n\t\t\t<div class=\"elementor-widget-wrap elementor-element-populated\">\n\t\t\t\t\t\t<div class=\"elementor-element elementor-element-d4e1dcd elementor-widget elementor-widget-image\" data-id=\"d4e1dcd\" data-element_type=\"widget\" data-e-type=\"widget\" data-widget_type=\"image.default\">\n\t\t\t\t<div class=\"elementor-widget-container\">\n\t\t\t\t\t\t\t\t\t\t\t\t\t\t\t<img fetchpriority=\"high\" decoding=\"async\" width=\"795\" height=\"672\" src=\"https:\/\/api.xn--bacult-gva.com\/wp-content\/uploads\/2025\/08\/feature-21-2.jpg\" class=\"attachment-large size-large wp-image-3410\" alt=\"\" srcset=\"https:\/\/api.xn--bacult-gva.com\/wp-content\/uploads\/2025\/08\/feature-21-2.jpg 795w, https:\/\/api.xn--bacult-gva.com\/wp-content\/uploads\/2025\/08\/feature-21-2-300x254.jpg 300w, https:\/\/api.xn--bacult-gva.com\/wp-content\/uploads\/2025\/08\/feature-21-2-768x649.jpg 768w, https:\/\/api.xn--bacult-gva.com\/wp-content\/uploads\/2025\/08\/feature-21-2-600x507.jpg 600w\" sizes=\"(max-width: 795px) 100vw, 795px\" \/>\t\t\t\t\t\t\t\t\t\t\t\t\t\t\t<\/div>\n\t\t\t\t<\/div>\n\t\t\t\t\t<\/div>\n\t\t<\/div>\n\t\t\t\t<div class=\"elementor-column elementor-col-50 elementor-top-column elementor-element elementor-element-30ef8ef\" data-id=\"30ef8ef\" data-element_type=\"column\" data-e-type=\"column\">\n\t\t\t<div class=\"elementor-widget-wrap elementor-element-populated\">\n\t\t\t\t\t\t<div class=\"elementor-element elementor-element-c885d6e elementor-widget elementor-widget-dreamslms-headline\" data-id=\"c885d6e\" data-element_type=\"widget\" data-e-type=\"widget\" data-widget_type=\"dreamslms-headline.default\">\n\t\t\t\t<div class=\"elementor-widget-container\">\n\t\t\t\t\t\t\t<div class=\"section-header justify-content-between aos aos-init aos-animate\" data-aos=\"fade-up\" style=\"text-align:left;\">\n\t\t \n\t\t<div class=\"section-sub-head\">\n\t\t\t      \t<span > \u062d\u0648\u0644 <\/span>\n\t\t\t  \t \n\t\t\t  <h2 style=\"text-align:left;\" class=\"headline  headline-aligned-to-left  headline-with-subtitle\">\u0623\u062a\u0642\u0650\u0646 \u0645\u0648\u0627\u062f\u0643 \u0648\u0627\u0636\u0645\u0646 \u0646\u062c\u0627\u062d\u0643 \u0627\u0644\u062f\u0631\u0627\u0633\u064a<\/h2>\n\n\t\t<\/div>\n\t\t\t \n\t\t<\/div>\n\t\t\t \n\n \t \t\t\t \n\n\t\t\t\t\t\t<\/div>\n\t\t\t\t<\/div>\n\t\t\t\t<div class=\"elementor-element elementor-element-bd68624 elementor-widget__width-initial elementor-widget elementor-widget-text-editor\" data-id=\"bd68624\" data-element_type=\"widget\" data-e-type=\"widget\" data-widget_type=\"text-editor.default\">\n\t\t\t\t<div class=\"elementor-widget-container\">\n\t\t\t\t\t\t\t\t\t<p>\u0631\u0633\u0627\u0644\u062a\u0646\u0627 \u0627\u0644\u0633\u0627\u0645\u064a\u0629 \u0647\u064a \u0628\u0646\u0627\u0621 \u062c\u0633\u0648\u0631 \u0646\u062d\u0648 \u0627\u0644\u062a\u0641\u0648\u0642 \u0627\u0644\u0623\u0643\u0627\u062f\u064a\u0645\u064a. \u0646\u062d\u0646 \u0644\u0627 \u0646\u0642\u062a\u0635\u0631 \u0639\u0644\u0649 \u0643\u0648\u0646\u0646\u0627 \u0645\u062c\u0631\u062f \u0645\u0646\u0635\u0629 \u0644\u0644\u062a\u0639\u0644\u0645 \u0627\u0644\u0625\u0644\u0643\u062a\u0631\u0648\u0646\u064a\u061b \u0628\u0644 \u0646\u062d\u0646 \u0627\u0644\u0634\u0631\u064a\u0643 \u0627\u0644\u062f\u0624\u0648\u0628 \u0644\u0643\u0644 \u0645\u062a\u0639\u0644\u0645 \u0637\u0648\u0627\u0644 \u0631\u062d\u0644\u062a\u0647 \u0627\u0644\u062a\u0639\u0644\u064a\u0645\u064a\u0629\u060c \u0628\u062f\u0627\u064a\u0629\u064b \u0645\u0646 \u0627\u0644\u0645\u0631\u062d\u0644\u0629 \u0627\u0644\u062b\u0627\u0646\u0648\u064a\u0629 \u0648\u062a\u062d\u062f\u064a \u0627\u0644\u0628\u0643\u0627\u0644\u0648\u0631\u064a\u0627\u060c \u0648\u0635\u0648\u0644\u064b\u0627 \u0625\u0644\u0649 \u0627\u0644\u0627\u0646\u062a\u0642\u0627\u0644 \u0646\u062d\u0648 \u0639\u0627\u0644\u0645 \u0627\u0644\u062c\u0627\u0645\u0639\u0629 \u0627\u0644\u0645\u062d\u0641\u0632.<\/p><p>\u064a\u062c\u0645\u0639 \u0641\u0631\u064a\u0642\u0646\u0627 \u0628\u064a\u0646 \u0645\u0631\u0628\u0651\u064a\u0646 \u0634\u063a\u0648\u0641\u064a\u0646 \u0648\u0645\u0628\u062a\u0643\u0631\u064a\u0646 \u0645\u0635\u0645\u0645\u064a\u0646 \u0641\u064a \u0645\u062c\u0627\u0644 \u0627\u0644\u062a\u0643\u0646\u0648\u0644\u0648\u062c\u064a\u0627\u060c \u0648\u0646\u062d\u0646 \u0646\u0624\u0645\u0646 \u0625\u064a\u0645\u0627\u0646\u0627\u064b \u0631\u0627\u0633\u062e\u0627\u064b \u0628\u0623\u0646 \u0627\u0644\u062a\u0639\u0644\u064a\u0645 \u064a\u0645\u0643\u0646 \u0623\u0646 \u064a\u0643\u0648\u0646 \u0623\u0643\u062b\u0631 \u0645\u0646 \u0645\u062c\u0631\u062f \u062a\u0631\u0627\u0643\u0645 \u0644\u0644\u0645\u0639\u0627\u0631\u0641. \u0625\u0646\u0647\u0627 \u062a\u062c\u0631\u0628\u0629 \u0645\u0644\u0647\u0645\u0629 \u0628\u062d\u0642\u060c \u0642\u0627\u062f\u0631\u0629 \u0639\u0644\u0649 \u062a\u063a\u064a\u064a\u0631 \u062d\u064a\u0627\u0629 \u0643\u0644 \u0641\u0631\u062f.<\/p><p>\u0625\u0646 \u0627\u0644\u062a\u0632\u0627\u0645\u0646\u0627 \u0628\u0627\u0644\u062a\u0639\u0644\u064a\u0645 \u064a\u062a\u0639\u062f\u0649 \u0646\u0642\u0644 \u0627\u0644\u0645\u0639\u0631\u0641\u0629 \u0641\u062d\u0633\u0628\u060c \u0641\u0646\u062d\u0646 \u0635\u0646\u0651\u0627\u0639 \u0627\u0644\u0646\u062c\u0627\u062d \u0648\u0645\u0637\u0644\u0642\u0648 \u0627\u0644\u0637\u0627\u0642\u0627\u062a \u0627\u0644\u0643\u0627\u0645\u0646\u0629.<\/p>\t\t\t\t\t\t\t\t<\/div>\n\t\t\t\t<\/div>\n\t\t\t\t\t<\/div>\n\t\t<\/div>\n\t\t\t\t\t<\/div>\n\t\t<\/section>\n\t\t\t\t<section class=\"elementor-section elementor-top-section elementor-element elementor-element-c5f7842 elementor-section-boxed elementor-section-height-default elementor-section-height-default\" data-id=\"c5f7842\" data-element_type=\"section\" data-e-type=\"section\">\n\t\t\t\t\t\t<div class=\"elementor-container elementor-column-gap-default\">\n\t\t\t\t\t<div class=\"elementor-column elementor-col-100 elementor-top-column elementor-element elementor-element-95d6586\" data-id=\"95d6586\" data-element_type=\"column\" data-e-type=\"column\">\n\t\t\t<div class=\"elementor-widget-wrap\">\n\t\t\t\t\t\t\t<\/div>\n\t\t<\/div>\n\t\t\t\t\t<\/div>\n\t\t<\/section>\n\t\t\t\t<section class=\"elementor-section elementor-top-section elementor-element elementor-element-4fae469 elementor-section-boxed elementor-section-height-default elementor-section-height-default\" data-id=\"4fae469\" data-element_type=\"section\" data-e-type=\"section\">\n\t\t\t\t\t\t<div class=\"elementor-container elementor-column-gap-default\">\n\t\t\t\t\t<div class=\"elementor-column elementor-col-50 elementor-top-column elementor-element elementor-element-38ba719\" data-id=\"38ba719\" data-element_type=\"column\" data-e-type=\"column\">\n\t\t\t<div class=\"elementor-widget-wrap elementor-element-populated\">\n\t\t\t\t\t\t<div class=\"elementor-element elementor-element-2e32570 elementor-widget elementor-widget-spacer\" data-id=\"2e32570\" data-element_type=\"widget\" data-e-type=\"widget\" data-widget_type=\"spacer.default\">\n\t\t\t\t<div class=\"elementor-widget-container\">\n\t\t\t\t\t\t\t<div class=\"elementor-spacer\">\n\t\t\t<div class=\"elementor-spacer-inner\"><\/div>\n\t\t<\/div>\n\t\t\t\t\t\t<\/div>\n\t\t\t\t<\/div>\n\t\t\t\t<div class=\"elementor-element elementor-element-c4f02d9 elementor-widget elementor-widget-image\" data-id=\"c4f02d9\" data-element_type=\"widget\" data-e-type=\"widget\" data-widget_type=\"image.default\">\n\t\t\t\t<div class=\"elementor-widget-container\">\n\t\t\t\t\t\t\t\t\t\t\t\t\t\t\t<img decoding=\"async\" width=\"1024\" height=\"253\" src=\"https:\/\/api.xn--bacult-gva.com\/wp-content\/uploads\/2025\/09\/values-1024x253.webp\" class=\"attachment-large size-large wp-image-15458\" alt=\"\" srcset=\"https:\/\/api.xn--bacult-gva.com\/wp-content\/uploads\/2025\/09\/values-1024x253.webp 1024w, https:\/\/api.xn--bacult-gva.com\/wp-content\/uploads\/2025\/09\/values-300x74.webp 300w, https:\/\/api.xn--bacult-gva.com\/wp-content\/uploads\/2025\/09\/values-768x190.webp 768w, https:\/\/api.xn--bacult-gva.com\/wp-content\/uploads\/2025\/09\/values-1536x379.webp 1536w, https:\/\/api.xn--bacult-gva.com\/wp-content\/uploads\/2025\/09\/values-18x4.webp 18w, https:\/\/api.xn--bacult-gva.com\/wp-content\/uploads\/2025\/09\/values-600x148.webp 600w, https:\/\/api.xn--bacult-gva.com\/wp-content\/uploads\/2025\/09\/values.webp 1600w\" sizes=\"(max-width: 1024px) 100vw, 1024px\" \/>\t\t\t\t\t\t\t\t\t\t\t\t\t\t\t<\/div>\n\t\t\t\t<\/div>\n\t\t\t\t\t<\/div>\n\t\t<\/div>\n\t\t\t\t<div class=\"elementor-column elementor-col-50 elementor-top-column elementor-element elementor-element-6919ffd\" data-id=\"6919ffd\" data-element_type=\"column\" data-e-type=\"column\">\n\t\t\t<div class=\"elementor-widget-wrap elementor-element-populated\">\n\t\t\t\t\t\t<div class=\"elementor-element elementor-element-854d430 elementor-widget elementor-widget-heading\" data-id=\"854d430\" data-element_type=\"widget\" data-e-type=\"widget\" data-widget_type=\"heading.default\">\n\t\t\t\t<div class=\"elementor-widget-container\">\n\t\t\t\t\t<h2 class=\"elementor-heading-title elementor-size-default\">\u0627\u0633\u062a\u0643\u0634\u0641\u0648\u0627\u060c \u062a\u0639\u0644\u0651\u0645\u0648\u0627\u060c \u0648\u062a\u0641\u0648\u0642\u0648\u0627 \u0645\u0639 Bacult\u00e9.<\/h2>\t\t\t\t<\/div>\n\t\t\t\t<\/div>\n\t\t\t\t<div class=\"elementor-element elementor-element-3258491 elementor-widget__width-initial elementor-widget elementor-widget-text-editor\" data-id=\"3258491\" data-element_type=\"widget\" data-e-type=\"widget\" data-widget_type=\"text-editor.default\">\n\t\t\t\t<div class=\"elementor-widget-container\">\n\t\t\t\t\t\t\t\t\t<p style=\"text-align: left;\"><strong>\u0642\u0650\u064a\u064e\u0645\u064f\u0646\u0627<\/strong><\/p><ol><li><strong>\u0627\u0644\u062a\u0645\u064a\u0632 \u0641\u064a \u0627\u0644\u062a\u0639\u0644\u064a\u0645:<\/strong> \u0646\u062d\u0646 \u0645\u0644\u062a\u0632\u0645\u0648\u0646 \u0628\u062a\u0642\u062f\u064a\u0645 \u062a\u0639\u0644\u064a\u0645 \u0639\u0627\u0644\u064a \u0627\u0644\u062c\u0648\u062f\u0629\u060c \u0645\u0646 \u062e\u0644\u0627\u0644 \u0627\u0644\u062a\u0639\u0627\u0648\u0646 \u0645\u0639 \u0645\u062f\u0631\u0651\u0633\u064a\u0646 \u062e\u0628\u0631\u0627\u0621 \u0648\u0627\u0644\u062a\u0631\u0643\u064a\u0632 \u0639\u0644\u0649 \u0627\u0644\u0635\u0631\u0627\u0645\u0629 \u0627\u0644\u0623\u0643\u0627\u062f\u064a\u0645\u064a\u0629.<\/li><li><strong>\u0625\u0645\u0643\u0627\u0646\u064a\u0629 \u0627\u0644\u0648\u0635\u0648\u0644:<\/strong> \u0646\u062d\u0646 \u0646\u0624\u0645\u0646 \u0628\u0623\u0646 \u0627\u0644\u062a\u0639\u0644\u064a\u0645 \u0627\u0644\u062c\u064a\u062f \u064a\u062c\u0628 \u0623\u0646 \u064a\u0643\u0648\u0646 \u0645\u062a\u0627\u062d\u064b\u0627 \u0644\u0644\u062c\u0645\u064a\u0639\u060c \u0628\u063a\u0636 \u0627\u0644\u0646\u0638\u0631 \u0639\u0646 \u0645\u0648\u0642\u0639\u0647\u0645 \u0627\u0644\u062c\u063a\u0631\u0627\u0641\u064a \u0623\u0648 \u0648\u0636\u0639\u0647\u0645 \u0627\u0644\u0645\u0627\u0644\u064a.<\/li><li><strong>\u0627\u0644\u0627\u0628\u062a\u0643\u0627\u0631:<\/strong> \u0646\u062d\u0646 \u0645\u0628\u062a\u0643\u0631\u0648\u0646 \u0641\u064a \u0645\u062c\u0627\u0644 \u0627\u0644\u062a\u0639\u0644\u064a\u0645 \u0639\u0628\u0631 \u0627\u0644\u0625\u0646\u062a\u0631\u0646\u062a\u060c \u0646\u0633\u0639\u0649 \u0628\u0627\u0633\u062a\u0645\u0631\u0627\u0631 \u0644\u0625\u064a\u062c\u0627\u062f \u0637\u0631\u0642 \u062c\u062f\u064a\u062f\u0629 \u0644\u062c\u0630\u0628 \u0637\u0644\u0627\u0628\u0646\u0627 \u0648\u0645\u0633\u0627\u0639\u062f\u062a\u0647\u0645 \u0639\u0644\u0649 \u0627\u0644\u0646\u062c\u0627\u062d.<\/li><li><strong>\u0627\u0644\u062a\u0639\u0627\u0648\u0646:<\/strong> \u0646\u062d\u0646 \u0646\u0634\u062c\u0639 \u0627\u0644\u062a\u0639\u0627\u0648\u0646 \u0628\u064a\u0646 \u0627\u0644\u0637\u0644\u0627\u0628 \u0648\u0627\u0644\u0645\u062f\u0631\u0651\u0633\u064a\u0646 \u0648\u0627\u0644\u0634\u0631\u0643\u0627\u0621\u060c \u0644\u0623\u0646\u0646\u0627 \u0646\u0624\u0645\u0646 \u0628\u0623\u0646 \u0627\u0644\u062a\u0639\u0644\u0645 \u0647\u0648 \u062c\u0647\u062f \u062c\u0645\u0627\u0639\u064a.<\/li><li><strong>\u0627\u0644\u0646\u0632\u0627\u0647\u0629:<\/strong> \u0646\u062d\u0646 \u0646\u0633\u062a\u0631\u0634\u062f \u0628\u0645\u0628\u0627\u062f\u0626 \u0627\u0644\u0646\u0632\u0627\u0647\u0629 \u0648\u0627\u0644\u0634\u0641\u0627\u0641\u064a\u0629 \u0648\u0627\u0644\u0645\u0633\u0624\u0648\u0644\u064a\u0629 \u062a\u062c\u0627\u0647 \u0637\u0644\u0627\u0628\u0646\u0627 \u0648\u0645\u062c\u062a\u0645\u0639\u0646\u0627.<\/li><li><strong>\u0627\u0644\u062a\u0639\u0644\u0645 \u0627\u0644\u0645\u0633\u062a\u0645\u0631:<\/strong> \u0646\u062d\u0646 \u0646\u0634\u062c\u0639 \u0627\u0644\u062a\u0639\u0644\u0645 \u0645\u062f\u0649 \u0627\u0644\u062d\u064a\u0627\u0629\u060c \u062d\u0627\u062b\u064a\u0646 \u0637\u0644\u0627\u0628\u0646\u0627 \u0639\u0644\u0649 \u062a\u0646\u0645\u064a\u0629 \u0634\u063a\u0641 \u062f\u0627\u0626\u0645 \u0628\u0627\u0644\u0645\u0639\u0631\u0641\u0629.<\/li><\/ol>\t\t\t\t\t\t\t\t<\/div>\n\t\t\t\t<\/div>\n\t\t\t\t\t<\/div>\n\t\t<\/div>\n\t\t\t\t\t<\/div>\n\t\t<\/section>\n\t\t\t\t<section class=\"elementor-section elementor-top-section elementor-element elementor-element-6364554 elementor-section-boxed elementor-section-height-default elementor-section-height-default\" data-id=\"6364554\" data-element_type=\"section\" data-e-type=\"section\">\n\t\t\t\t\t\t<div class=\"elementor-container elementor-column-gap-default\">\n\t\t\t\t\t<div class=\"elementor-column elementor-col-50 elementor-top-column elementor-element elementor-element-dfb0ece\" data-id=\"dfb0ece\" data-element_type=\"column\" data-e-type=\"column\">\n\t\t\t<div class=\"elementor-widget-wrap elementor-element-populated\">\n\t\t\t\t\t\t<div class=\"elementor-element elementor-element-4639b74 elementor-widget elementor-widget-dreamslms-headline\" data-id=\"4639b74\" data-element_type=\"widget\" data-e-type=\"widget\" data-widget_type=\"dreamslms-headline.default\">\n\t\t\t\t<div class=\"elementor-widget-container\">\n\t\t\t\t\t\t\t<div class=\"section-header justify-content-between aos aos-init aos-animate\" data-aos=\"fade-up\" style=\"text-align:left;\">\n\t\t \n\t\t<div class=\"section-sub-head\">\n\t\t\t      \t<span > Bacult\u00e9<\/span>\n\t\t\t  \t \n\t\t\t  <h2 style=\"text-align:left;\" class=\"headline  headline-aligned-to-left  headline-with-subtitle\">\u0627\u0633\u062a\u0643\u0634\u0641\u0648\u0627\u060c \u062a\u0639\u0644\u0651\u0645\u0648\u0627\u060c \u0648\u062a\u0641\u0648\u0642\u0648\u0627 \u0645\u0639 Bacult\u00e9.<\/h2>\n\n\t\t<\/div>\n\t\t\t \n\t\t<\/div>\n\t\t\t \n\n \t \t\t\t \n\n\t\t\t\t\t\t<\/div>\n\t\t\t\t<\/div>\n\t\t\t\t<div class=\"elementor-element elementor-element-142271a elementor-widget elementor-widget-text-editor\" data-id=\"142271a\" data-element_type=\"widget\" data-e-type=\"widget\" data-widget_type=\"text-editor.default\">\n\t\t\t\t<div class=\"elementor-widget-container\">\n\t\t\t\t\t\t\t\t\t<strong>\u0631\u0624\u064a\u062a\u0646\u0627:<\/strong>\n\n\u0631\u0624\u064a\u062a\u0646\u0627 \u0647\u064a \u0623\u0646 \u0646\u0635\u0628\u062d \u0631\u0627\u0626\u062f\u064a\u0646 \u0639\u0627\u0644\u0645\u064a\u064a\u0646 \u0641\u064a \u0645\u062c\u0627\u0644 \u0627\u0644\u062a\u0639\u0644\u064a\u0645 \u0639\u0628\u0631 \u0627\u0644\u0625\u0646\u062a\u0631\u0646\u062a\u060c \u0648\u0645\u0639\u0631\u0648\u0641\u064a\u0646 \u0628\u062a\u0645\u064a\u0632 \u062f\u0648\u0631\u0627\u062a\u0646\u0627\u060c \u0648\u0627\u0644\u0627\u0628\u062a\u0643\u0627\u0631 \u0627\u0644\u062a\u0643\u0646\u0648\u0644\u0648\u062c\u064a\u060c \u0648\u0627\u0644\u0623\u062b\u0631 \u0627\u0644\u0625\u064a\u062c\u0627\u0628\u064a \u0627\u0644\u0630\u064a \u0646\u062a\u0631\u0643\u0647 \u0639\u0644\u0649 \u062d\u064a\u0627\u0629 \u0637\u0644\u0627\u0628\u0646\u0627. \u0646\u062d\u0646 \u0646\u0637\u0645\u062d \u0644\u0623\u0646 \u0646\u0643\u0648\u0646 \u0627\u0644\u0648\u062c\u0647\u0629 \u0627\u0644\u0623\u0633\u0627\u0633\u064a\u0629 \u0644\u0643\u0644 \u0645\u0646 \u064a\u0633\u0639\u0649 \u0644\u0627\u0643\u062a\u0633\u0627\u0628 \u0627\u0644\u0645\u0639\u0631\u0641\u0629\u060c \u0648\u062a\u0637\u0648\u064a\u0631 \u0627\u0644\u0645\u0647\u0627\u0631\u0627\u062a\u060c \u0648\u062a\u062d\u0642\u064a\u0642 \u0643\u0627\u0645\u0644 \u0625\u0645\u0643\u0627\u0646\u0627\u062a\u0647.\t\t\t\t\t\t\t\t<\/div>\n\t\t\t\t<\/div>\n\t\t\t\t\t<\/div>\n\t\t<\/div>\n\t\t\t\t<div class=\"elementor-column elementor-col-50 elementor-top-column elementor-element elementor-element-2a36ff5\" data-id=\"2a36ff5\" data-element_type=\"column\" data-e-type=\"column\">\n\t\t\t<div class=\"elementor-widget-wrap elementor-element-populated\">\n\t\t\t\t\t\t<div class=\"elementor-element elementor-element-38dfb1c elementor-widget elementor-widget-image\" data-id=\"38dfb1c\" data-element_type=\"widget\" data-e-type=\"widget\" data-widget_type=\"image.default\">\n\t\t\t\t<div class=\"elementor-widget-container\">\n\t\t\t\t\t\t\t\t\t\t\t\t\t\t\t<img decoding=\"async\" width=\"1024\" height=\"624\" src=\"https:\/\/api.xn--bacult-gva.com\/wp-content\/uploads\/2025\/09\/notre-vision-baculte-1024x624.webp\" class=\"attachment-large size-large wp-image-15460\" alt=\"\" srcset=\"https:\/\/api.xn--bacult-gva.com\/wp-content\/uploads\/2025\/09\/notre-vision-baculte-1024x624.webp 1024w, https:\/\/api.xn--bacult-gva.com\/wp-content\/uploads\/2025\/09\/notre-vision-baculte-300x183.webp 300w, https:\/\/api.xn--bacult-gva.com\/wp-content\/uploads\/2025\/09\/notre-vision-baculte-768x468.webp 768w, https:\/\/api.xn--bacult-gva.com\/wp-content\/uploads\/2025\/09\/notre-vision-baculte-1536x936.webp 1536w, https:\/\/api.xn--bacult-gva.com\/wp-content\/uploads\/2025\/09\/notre-vision-baculte-18x12.webp 18w, https:\/\/api.xn--bacult-gva.com\/wp-content\/uploads\/2025\/09\/notre-vision-baculte-410x250.webp 410w, https:\/\/api.xn--bacult-gva.com\/wp-content\/uploads\/2025\/09\/notre-vision-baculte-600x366.webp 600w, https:\/\/api.xn--bacult-gva.com\/wp-content\/uploads\/2025\/09\/notre-vision-baculte.webp 1600w\" sizes=\"(max-width: 1024px) 100vw, 1024px\" \/>\t\t\t\t\t\t\t\t\t\t\t\t\t\t\t<\/div>\n\t\t\t\t<\/div>\n\t\t\t\t\t<\/div>\n\t\t<\/div>\n\t\t\t\t\t<\/div>\n\t\t<\/section>\n\t\t\t\t<section class=\"elementor-section elementor-top-section elementor-element elementor-element-f26f3c5 elementor-section-boxed elementor-section-height-default elementor-section-height-default\" data-id=\"f26f3c5\" data-element_type=\"section\" data-e-type=\"section\">\n\t\t\t\t\t\t<div class=\"elementor-container elementor-column-gap-default\">\n\t\t\t\t\t<div class=\"elementor-column elementor-col-100 elementor-top-column elementor-element elementor-element-0493483\" data-id=\"0493483\" data-element_type=\"column\" data-e-type=\"column\">\n\t\t\t<div class=\"elementor-widget-wrap elementor-element-populated\">\n\t\t\t\t\t\t<div class=\"elementor-element elementor-element-5350918 elementor-widget elementor-widget-spacer\" data-id=\"5350918\" data-element_type=\"widget\" data-e-type=\"widget\" data-widget_type=\"spacer.default\">\n\t\t\t\t<div class=\"elementor-widget-container\">\n\t\t\t\t\t\t\t<div class=\"elementor-spacer\">\n\t\t\t<div class=\"elementor-spacer-inner\"><\/div>\n\t\t<\/div>\n\t\t\t\t\t\t<\/div>\n\t\t\t\t<\/div>\n\t\t\t\t\t<\/div>\n\t\t<\/div>\n\t\t\t\t\t<\/div>\n\t\t<\/section>\n\t\t\t\t<\/div>","protected":false},"excerpt":{"rendered":"<p>A propos Ma\u00eetrisez les comp\u00e9tences pour piloter votre carri\u00e8re Notre mission transcendante est de forger des passerelles vers l\u2019excellence acad\u00e9mique. Nous ne nous limitons pas \u00e0 \u00eatre une simple plateforme de e-learning ; nous sommes le partenaire infatigable de chaque apprenant tout au long de leur p\u00e9riple \u00e9ducatif, de la premi\u00e8re \u00e9tape du secondaire au d\u00e9fi du baccalaur\u00e9at, jusqu\u2019\u00e0 la transition vers le monde stimulant de la facult\u00e9. Notre \u00e9quipe, une confluence d\u2019\u00e9ducateurs passionn\u00e9s et d\u2019innovateurs technologiques d\u00e9termin\u00e9s, est anim\u00e9e par la conviction profonde que l\u2019\u00e9ducation peut \u00eatre plus qu\u2019une accumulation de connaissances. C\u2019est une exp\u00e9rience qui peut \u00eatre r\u00e9ellement inspirante, transformant la vie de chaque individu. Notre engagement envers l\u2019\u00e9ducation va au-del\u00e0 de la simple transmission de savoir. Nous sommes les architectes de la r\u00e9ussite, les catalyseurs du potentiel humain. Explorez, apprenez, r\u00e9ussissez avec Bacult\u00e9. Nos Valeurs Excellence \u00c9ducative : Nous nous engageons \u00e0 fournir un enseignement de la plus haute qualit\u00e9, en collaborant avec des instructeurs experts et en mettant l&#8217;accent sur la rigueur acad\u00e9mique. Accessibilit\u00e9 : Nous croyons que l&#8217;\u00e9ducation de qualit\u00e9 doit \u00eatre accessible \u00e0 tous, quelle que soit leur situation g\u00e9ographique ou leur situation financi\u00e8re. Innovation : Nous sommes des innovateurs dans le domaine de&#8230;<\/p>","protected":false},"author":1,"featured_media":0,"parent":0,"menu_order":0,"comment_status":"closed","ping_status":"closed","template":"","meta":{"footnotes":""},"class_list":["post-5371","page","type-page","status-publish","hentry"],"_links":{"self":[{"href":"https:\/\/api.xn--bacult-gva.com\/ar\/wp-json\/wp\/v2\/pages\/5371","targetHints":{"allow":["GET"]}}],"collection":[{"href":"https:\/\/api.xn--bacult-gva.com\/ar\/wp-json\/wp\/v2\/pages"}],"about":[{"href":"https:\/\/api.xn--bacult-gva.com\/ar\/wp-json\/wp\/v2\/types\/page"}],"author":[{"embeddable":true,"href":"https:\/\/api.xn--bacult-gva.com\/ar\/wp-json\/wp\/v2\/users\/1"}],"replies":[{"embeddable":true,"href":"https:\/\/api.xn--bacult-gva.com\/ar\/wp-json\/wp\/v2\/comments?post=5371"}],"version-history":[{"count":60,"href":"https:\/\/api.xn--bacult-gva.com\/ar\/wp-json\/wp\/v2\/pages\/5371\/revisions"}],"predecessor-version":[{"id":16026,"href":"https:\/\/api.xn--bacult-gva.com\/ar\/wp-json\/wp\/v2\/pages\/5371\/revisions\/16026"}],"wp:attachment":[{"href":"https:\/\/api.xn--bacult-gva.com\/ar\/wp-json\/wp\/v2\/media?parent=5371"}],"curies":[{"name":"wp","href":"https:\/\/api.w.org\/{rel}","templated":true}]}}