{"id":5537,"date":"2021-03-09T09:58:16","date_gmt":"2021-03-09T09:58:16","guid":{"rendered":"https:\/\/raistheme.com\/wp\/gostudy\/?page_id=5537"},"modified":"2025-09-24T00:54:21","modified_gmt":"2025-09-23T23:54:21","slug":"contact","status":"publish","type":"page","link":"https:\/\/api.xn--bacult-gva.com\/ar\/contact\/","title":{"rendered":"\u0627\u062a\u0635\u0644 \u0628\u0646\u0627"},"content":{"rendered":"<div data-elementor-type=\"wp-page\" data-elementor-id=\"5537\" class=\"elementor elementor-5537\" data-elementor-post-type=\"page\">\n\t\t\t\t\t\t<section class=\"elementor-section elementor-top-section elementor-element elementor-element-6e1ac32 elementor-section-boxed elementor-section-height-default elementor-section-height-default\" data-id=\"6e1ac32\" data-element_type=\"section\" data-e-type=\"section\">\n\t\t\t\t\t\t<div class=\"elementor-container elementor-column-gap-default\">\n\t\t\t\t\t<div class=\"elementor-column elementor-col-100 elementor-top-column elementor-element elementor-element-245789d\" data-id=\"245789d\" data-element_type=\"column\" data-e-type=\"column\">\n\t\t\t<div class=\"elementor-widget-wrap elementor-element-populated\">\n\t\t\t\t\t\t<div class=\"elementor-element elementor-element-4a5511c elementor-hidden-desktop elementor-widget elementor-widget-spacer\" data-id=\"4a5511c\" data-element_type=\"widget\" data-e-type=\"widget\" data-widget_type=\"spacer.default\">\n\t\t\t\t<div class=\"elementor-widget-container\">\n\t\t\t\t\t\t\t<div class=\"elementor-spacer\">\n\t\t\t<div class=\"elementor-spacer-inner\"><\/div>\n\t\t<\/div>\n\t\t\t\t\t\t<\/div>\n\t\t\t\t<\/div>\n\t\t\t\t\t<\/div>\n\t\t<\/div>\n\t\t\t\t\t<\/div>\n\t\t<\/section>\n\t\t\t\t<section class=\"elementor-section elementor-top-section elementor-element elementor-element-236554d elementor-section-boxed elementor-section-height-default elementor-section-height-default\" data-id=\"236554d\" data-element_type=\"section\" data-e-type=\"section\">\n\t\t\t\t\t\t<div class=\"elementor-container elementor-column-gap-default\">\n\t\t\t\t\t<div class=\"elementor-column elementor-col-50 elementor-top-column elementor-element elementor-element-275ca9f\" data-id=\"275ca9f\" data-element_type=\"column\" data-e-type=\"column\">\n\t\t\t<div class=\"elementor-widget-wrap elementor-element-populated\">\n\t\t\t\t\t\t<div class=\"elementor-element elementor-element-4b90c17 elementor-widget elementor-widget-google_maps\" data-id=\"4b90c17\" data-element_type=\"widget\" data-e-type=\"widget\" data-widget_type=\"google_maps.default\">\n\t\t\t\t<div class=\"elementor-widget-container\">\n\t\t\t\t\t\t\t<div class=\"elementor-custom-embed\">\n\t\t\t<iframe loading=\"lazy\"\n\t\t\t\t\tsrc=\"https:\/\/maps.google.com\/maps?q=%20Rue%20Salaheddin%20Ayoubi%20Bardo&#038;t=m&#038;z=10&#038;output=embed&#038;iwloc=near\"\n\t\t\t\t\ttitle=\" Rue Salaheddin Ayoubi Bardo\"\n\t\t\t\t\taria-label=\" Rue Salaheddin Ayoubi Bardo\"\n\t\t\t><\/iframe>\n\t\t<\/div>\n\t\t\t\t\t\t<\/div>\n\t\t\t\t<\/div>\n\t\t\t\t\t<\/div>\n\t\t<\/div>\n\t\t\t\t<div class=\"elementor-column elementor-col-50 elementor-top-column elementor-element elementor-element-42236e8\" data-id=\"42236e8\" data-element_type=\"column\" data-e-type=\"column\" data-settings=\"{&quot;background_background&quot;:&quot;classic&quot;}\">\n\t\t\t<div class=\"elementor-widget-wrap elementor-element-populated\">\n\t\t\t\t\t\t<div class=\"elementor-element elementor-element-14c9ea7 elementor-widget elementor-widget-dreamslms-headline\" data-id=\"14c9ea7\" data-element_type=\"widget\" data-e-type=\"widget\" data-widget_type=\"dreamslms-headline.default\">\n\t\t\t\t<div class=\"elementor-widget-container\">\n\t\t\t\t\t\t\t<div class=\"section-header justify-content-between aos aos-init aos-animate\" data-aos=\"fade-up\" style=\"text-align:left;\">\n\t\t \n\t\t<div class=\"section-sub-head\">\n\t\t\t \n\t\t\t  <h2 style=\"text-align:left;\" class=\"headline  headline-aligned-to-left\">\u062a\u0648\u0627\u0635\u0644 \u0645\u0639\u0646\u0627<\/h2>\n\n\t\t<\/div>\n\t\t\t \n\t\t<\/div>\n\t\t\t \n\n \t \t\t\t \n\n\t\t\t\t\t\t<\/div>\n\t\t\t\t<\/div>\n\t\t\t\t<div class=\"elementor-element elementor-element-a134318 elementor-widget elementor-widget-dream-contactform\" data-id=\"a134318\" data-element_type=\"widget\" data-e-type=\"widget\" data-widget_type=\"dream-contactform.default\">\n\t\t\t\t<div class=\"elementor-widget-container\">\n\t\t\t\t\t        <div class=\"card mb-0\">\n            <div class=\"card-body p-4 p-sm-5 p-md-6\">\n                                \n<div class=\"wpcf7 no-js\" id=\"wpcf7-f3753-o1\" lang=\"en-US\" dir=\"ltr\" data-wpcf7-id=\"3753\">\n<div class=\"screen-reader-response\"><p role=\"status\" aria-live=\"polite\" aria-atomic=\"true\"><\/p> <ul><\/ul><\/div>\n<form action=\"\/ar\/wp-json\/wp\/v2\/pages\/5537#wpcf7-f3753-o1\" method=\"post\" class=\"wpcf7-form init\" aria-label=\"Contact form\" novalidate=\"novalidate\" data-status=\"init\" data-trp-original-action=\"\/ar\/wp-json\/wp\/v2\/pages\/5537#wpcf7-f3753-o1\">\n<fieldset class=\"hidden-fields-container\"><input type=\"hidden\" name=\"_wpcf7\" value=\"3753\" \/><input type=\"hidden\" name=\"_wpcf7_version\" value=\"6.1.5\" \/><input type=\"hidden\" name=\"_wpcf7_locale\" value=\"en_US\" \/><input type=\"hidden\" name=\"_wpcf7_unit_tag\" value=\"wpcf7-f3753-o1\" \/><input type=\"hidden\" name=\"_wpcf7_container_post\" value=\"0\" \/><input type=\"hidden\" name=\"_wpcf7_posted_data_hash\" value=\"\" \/><input type=\"hidden\" name=\"_wpcf7_recaptcha_response\" value=\"\" \/>\n<\/fieldset>\n<div class=\"dream-contact-form\">\n    <div class=\"row\">\n        <div class=\"col-sm-6\">\n            <div class=\"mb-4\">\n                <label class=\"form-label\">\u0627\u0644\u0625\u0633\u0645 \u0648\u0627\u0644\u0644\u0642\u0628 <span class=\"ms-1 text-danger\">*<\/span><\/label>\n                <span class=\"wpcf7-form-control-wrap\" data-name=\"contactname\"><input size=\"40\" maxlength=\"400\" class=\"wpcf7-form-control wpcf7-text wpcf7-validates-as-required form-control\" aria-required=\"true\" aria-invalid=\"false\" value=\"\" type=\"text\" name=\"contactname\" \/><\/span>\n            <\/div>\n        <\/div>\n        <div class=\"col-sm-6\">\n            <div class=\"mb-4\">\n                <label class=\"form-label\">\u0627\u0644\u0628\u0631\u064a\u062f \u0627\u0644\u0625\u0644\u0643\u062a\u0631\u0648\u0646\u064a <span class=\"ms-1 text-danger\">*<\/span><\/label>\n                <span class=\"wpcf7-form-control-wrap\" data-name=\"email\"><input size=\"40\" maxlength=\"400\" class=\"wpcf7-form-control wpcf7-email wpcf7-validates-as-required wpcf7-text wpcf7-validates-as-email form-control\" aria-required=\"true\" aria-invalid=\"false\" value=\"\" type=\"email\" name=\"email\" \/><\/span>\n            <\/div>\n        <\/div>\n    <\/div>\n    <div class=\"row\">\n        <div class=\"col-sm-6\">\n            <div class=\"mb-4\">\n                <label class=\"form-label\">\u0631\u0642\u0645 \u0627\u0644\u0647\u0627\u062a\u0641<\/label>\n                <span class=\"wpcf7-form-control-wrap\" data-name=\"phonenumber\"><input size=\"40\" maxlength=\"400\" class=\"wpcf7-form-control wpcf7-tel wpcf7-text wpcf7-validates-as-tel form-control\" aria-invalid=\"false\" value=\"\" type=\"tel\" name=\"phonenumber\" \/><\/span>\n            <\/div>\n        <\/div>\n        <div class=\"col-sm-6\">\n            <div class=\"mb-4\">\n                <label class=\"form-label\">\u0627\u0644\u0645\u0648\u0636\u0648\u0639<\/label>\n                <span class=\"wpcf7-form-control-wrap\" data-name=\"subject\"><input size=\"40\" maxlength=\"400\" class=\"wpcf7-form-control wpcf7-text wpcf7-validates-as-required form-control\" aria-required=\"true\" aria-invalid=\"false\" value=\"\" type=\"text\" name=\"subject\" \/><\/span>\n            <\/div>\n        <\/div>\n    <\/div>\n    <div class=\"mb-4\">\n        <label class=\"form-label\">\u0631\u0633\u0627\u0644\u062a\u0643<\/label>\n        <span class=\"wpcf7-form-control-wrap\" data-name=\"messages\"><textarea cols=\"40\" rows=\"7\" maxlength=\"2000\" class=\"wpcf7-form-control wpcf7-textarea form-control\" aria-invalid=\"false\" name=\"messages\"><\/textarea><\/span>\n    <\/div>\n    <div class=\"d-grid\">\n        <input class=\"wpcf7-form-control wpcf7-submit has-spinner btn btn-secondary btn-lg\" type=\"submit\" value=\"\u0625\u0631\u0633\u0627\u0644\" \/>\n    <\/div>\n<\/div><div class=\"wpcf7-response-output\" aria-hidden=\"true\"><\/div>\n<input type=\"hidden\" name=\"trp-form-language\" value=\"ar\"\/><\/form>\n<\/div>\n            <\/div>\n        <\/div>\n        \t\t\t\t<\/div>\n\t\t\t\t<\/div>\n\t\t\t\t\t<\/div>\n\t\t<\/div>\n\t\t\t\t\t<\/div>\n\t\t<\/section>\n\t\t\t\t<section class=\"elementor-section elementor-top-section elementor-element elementor-element-eab5a4e elementor-section-boxed elementor-section-height-default elementor-section-height-default\" data-id=\"eab5a4e\" data-element_type=\"section\" data-e-type=\"section\">\n\t\t\t\t\t\t<div class=\"elementor-container elementor-column-gap-default\">\n\t\t\t\t\t<div class=\"elementor-column elementor-col-100 elementor-top-column elementor-element elementor-element-f3c0c0d\" data-id=\"f3c0c0d\" data-element_type=\"column\" data-e-type=\"column\">\n\t\t\t<div class=\"elementor-widget-wrap elementor-element-populated\">\n\t\t\t\t\t\t<div class=\"elementor-element elementor-element-f1fc81d elementor-widget elementor-widget-heading\" data-id=\"f1fc81d\" data-element_type=\"widget\" data-e-type=\"widget\" data-widget_type=\"heading.default\">\n\t\t\t\t<div class=\"elementor-widget-container\">\n\t\t\t\t\t<h2 class=\"elementor-heading-title elementor-size-default\">\u062a\u0648\u0627\u0635\u0644 \u0645\u0639 <span style=\"color:#FF1F59\">\u0641\u0631\u064a\u0642 \u0627\u0644\u062f\u0639\u0645 \u0644\u062f\u064a\u0646\u0627 <\/span>\u0644\u0645\u0633\u0627\u0639\u062f\u062a\u0643 \u0641\u064a \u0627\u0644\u0639\u062b\u0648\u0631 \u0639\u0644\u0649 \u0645\u0627 \u062a\u0628\u062d\u062b \u0639\u0646\u0647<\/h2>\t\t\t\t<\/div>\n\t\t\t\t<\/div>\n\t\t\t\t\t<\/div>\n\t\t<\/div>\n\t\t\t\t\t<\/div>\n\t\t<\/section>\n\t\t\t\t<section class=\"elementor-section elementor-top-section elementor-element elementor-element-66161b7 elementor-section-boxed elementor-section-height-default elementor-section-height-default\" data-id=\"66161b7\" data-element_type=\"section\" data-e-type=\"section\">\n\t\t\t\t\t\t<div class=\"elementor-container elementor-column-gap-default\">\n\t\t\t\t\t<div class=\"elementor-column elementor-col-33 elementor-top-column elementor-element elementor-element-9d9ff33\" data-id=\"9d9ff33\" data-element_type=\"column\" data-e-type=\"column\" data-settings=\"{&quot;background_background&quot;:&quot;classic&quot;}\">\n\t\t\t<div class=\"elementor-widget-wrap elementor-element-populated\">\n\t\t\t\t\t\t<div class=\"elementor-element elementor-element-acdae81 elementor-view-stacked elementor-shape-circle elementor-widget elementor-widget-icon\" data-id=\"acdae81\" data-element_type=\"widget\" data-e-type=\"widget\" data-widget_type=\"icon.default\">\n\t\t\t\t<div class=\"elementor-widget-container\">\n\t\t\t\t\t\t\t<div class=\"elementor-icon-wrapper\">\n\t\t\t<div class=\"elementor-icon\">\n\t\t\t<i aria-hidden=\"true\" class=\"fas fa-phone-volume\"><\/i>\t\t\t<\/div>\n\t\t<\/div>\n\t\t\t\t\t\t<\/div>\n\t\t\t\t<\/div>\n\t\t\t\t<div class=\"elementor-element elementor-element-a295b12 elementor-widget elementor-widget-heading\" data-id=\"a295b12\" data-element_type=\"widget\" data-e-type=\"widget\" data-widget_type=\"heading.default\">\n\t\t\t\t<div class=\"elementor-widget-container\">\n\t\t\t\t\t<h2 class=\"elementor-heading-title elementor-size-default\">\u0631\u0642\u0645 \u0627\u0644\u0647\u0627\u062a\u0641<\/h2>\t\t\t\t<\/div>\n\t\t\t\t<\/div>\n\t\t\t\t<div class=\"elementor-element elementor-element-4c5d8a7 elementor-widget elementor-widget-text-editor\" data-id=\"4c5d8a7\" data-element_type=\"widget\" data-e-type=\"widget\" data-widget_type=\"text-editor.default\">\n\t\t\t\t<div class=\"elementor-widget-container\">\n\t\t\t\t\t\t\t\t\t<a style=\"color: #7a7a7a;\" href=\"tel:+21627573767\" class=\"phone-number\">+216 27 573 767<\/a>\t\t\t\t\t\t\t\t<\/div>\n\t\t\t\t<\/div>\n\t\t\t\t\t<\/div>\n\t\t<\/div>\n\t\t\t\t<div class=\"elementor-column elementor-col-33 elementor-top-column elementor-element elementor-element-190508a\" data-id=\"190508a\" data-element_type=\"column\" data-e-type=\"column\" data-settings=\"{&quot;background_background&quot;:&quot;classic&quot;}\">\n\t\t\t<div class=\"elementor-widget-wrap elementor-element-populated\">\n\t\t\t\t\t\t<div class=\"elementor-element elementor-element-e381e7f elementor-view-stacked elementor-shape-circle elementor-widget elementor-widget-icon\" data-id=\"e381e7f\" data-element_type=\"widget\" data-e-type=\"widget\" data-widget_type=\"icon.default\">\n\t\t\t\t<div class=\"elementor-widget-container\">\n\t\t\t\t\t\t\t<div class=\"elementor-icon-wrapper\">\n\t\t\t<div class=\"elementor-icon\">\n\t\t\t<i aria-hidden=\"true\" class=\"fas fa-mail-bulk\"><\/i>\t\t\t<\/div>\n\t\t<\/div>\n\t\t\t\t\t\t<\/div>\n\t\t\t\t<\/div>\n\t\t\t\t<div class=\"elementor-element elementor-element-201793b elementor-widget elementor-widget-heading\" data-id=\"201793b\" data-element_type=\"widget\" data-e-type=\"widget\" data-widget_type=\"heading.default\">\n\t\t\t\t<div class=\"elementor-widget-container\">\n\t\t\t\t\t<h2 class=\"elementor-heading-title elementor-size-default\">\u0627\u0644\u0628\u0631\u064a\u062f \u0627\u0644\u0625\u0644\u0643\u062a\u0631\u0648\u0646\u064a<\/h2>\t\t\t\t<\/div>\n\t\t\t\t<\/div>\n\t\t\t\t<div class=\"elementor-element elementor-element-66c6714 elementor-widget elementor-widget-text-editor\" data-id=\"66c6714\" data-element_type=\"widget\" data-e-type=\"widget\" data-widget_type=\"text-editor.default\">\n\t\t\t\t<div class=\"elementor-widget-container\">\n\t\t\t\t\t\t\t\t\t<a href=\"mailto:contact@baculte.com\" target=\"_blank\" style=\"color:#7A7A7A;\">contact@baculte.com<\/a><br>\n<a href=\"mailto:info@baculte.com\" target=\"_blank\" style=\"color:#7A7A7A;\">info@baculte.com<\/a>\n\t\t\t\t\t\t\t\t<\/div>\n\t\t\t\t<\/div>\n\t\t\t\t\t<\/div>\n\t\t<\/div>\n\t\t\t\t<div class=\"elementor-column elementor-col-33 elementor-top-column elementor-element elementor-element-caeac32\" data-id=\"caeac32\" data-element_type=\"column\" data-e-type=\"column\" data-settings=\"{&quot;background_background&quot;:&quot;classic&quot;}\">\n\t\t\t<div class=\"elementor-widget-wrap elementor-element-populated\">\n\t\t\t\t\t\t<div class=\"elementor-element elementor-element-5d4e165 elementor-view-stacked elementor-shape-circle elementor-widget elementor-widget-icon\" data-id=\"5d4e165\" data-element_type=\"widget\" data-e-type=\"widget\" data-widget_type=\"icon.default\">\n\t\t\t\t<div class=\"elementor-widget-container\">\n\t\t\t\t\t\t\t<div class=\"elementor-icon-wrapper\">\n\t\t\t<div class=\"elementor-icon\">\n\t\t\t<i aria-hidden=\"true\" class=\"fas fa-map-marker-alt\"><\/i>\t\t\t<\/div>\n\t\t<\/div>\n\t\t\t\t\t\t<\/div>\n\t\t\t\t<\/div>\n\t\t\t\t<div class=\"elementor-element elementor-element-621079e elementor-widget elementor-widget-heading\" data-id=\"621079e\" data-element_type=\"widget\" data-e-type=\"widget\" data-widget_type=\"heading.default\">\n\t\t\t\t<div class=\"elementor-widget-container\">\n\t\t\t\t\t<h2 class=\"elementor-heading-title elementor-size-default\">\u0627\u0644\u0639\u0646\u0648\u0627\u0646<\/h2>\t\t\t\t<\/div>\n\t\t\t\t<\/div>\n\t\t\t\t<div class=\"elementor-element elementor-element-5f839ac elementor-widget elementor-widget-text-editor\" data-id=\"5f839ac\" data-element_type=\"widget\" data-e-type=\"widget\" data-widget_type=\"text-editor.default\">\n\t\t\t\t<div class=\"elementor-widget-container\">\n\t\t\t\t\t\t\t\t\t<a href=\"https:\/\/maps.app.goo.gl\/EpFfwvxJa4JdCGdS7\" target=\"_blank\" style=\"color:#7A7A7A;\">\n10 \u0646\u0647\u062c \u0635\u0644\u0627\u062d \u0627\u0644\u062f\u064a\u0646 \u0627\u0644\u0623\u064a\u0648\u0628\u064a\u060c \u0628\u0627\u0631\u062f\u0648 2000\u060c \u062a\u0648\u0646\u0633\n<\/a>\t\t\t\t\t\t\t\t<\/div>\n\t\t\t\t<\/div>\n\t\t\t\t\t<\/div>\n\t\t<\/div>\n\t\t\t\t\t<\/div>\n\t\t<\/section>\n\t\t\t\t<\/div>","protected":false},"excerpt":{"rendered":"<p>Contactez-Nous Nom * Adresse e-mail * Num\u00e9ro de t\u00e9l\u00e9phone Sujet Votre message Contactez notre \u00e9quipe de support pour savoir ce que vous recherchez Num\u00e9ro de t\u00e9l\u00e9phone +216 27 573 767 Adresse email contact@baculte.com info@baculte.com Localisation 10 Rue Salah Din Ayoubi Bardo 2000<\/p>","protected":false},"author":1,"featured_media":0,"parent":0,"menu_order":0,"comment_status":"closed","ping_status":"closed","template":"","meta":{"footnotes":""},"class_list":["post-5537","page","type-page","status-publish","hentry"],"_links":{"self":[{"href":"https:\/\/api.xn--bacult-gva.com\/ar\/wp-json\/wp\/v2\/pages\/5537","targetHints":{"allow":["GET"]}}],"collection":[{"href":"https:\/\/api.xn--bacult-gva.com\/ar\/wp-json\/wp\/v2\/pages"}],"about":[{"href":"https:\/\/api.xn--bacult-gva.com\/ar\/wp-json\/wp\/v2\/types\/page"}],"author":[{"embeddable":true,"href":"https:\/\/api.xn--bacult-gva.com\/ar\/wp-json\/wp\/v2\/users\/1"}],"replies":[{"embeddable":true,"href":"https:\/\/api.xn--bacult-gva.com\/ar\/wp-json\/wp\/v2\/comments?post=5537"}],"version-history":[{"count":54,"href":"https:\/\/api.xn--bacult-gva.com\/ar\/wp-json\/wp\/v2\/pages\/5537\/revisions"}],"predecessor-version":[{"id":15827,"href":"https:\/\/api.xn--bacult-gva.com\/ar\/wp-json\/wp\/v2\/pages\/5537\/revisions\/15827"}],"wp:attachment":[{"href":"https:\/\/api.xn--bacult-gva.com\/ar\/wp-json\/wp\/v2\/media?parent=5537"}],"curies":[{"name":"wp","href":"https:\/\/api.w.org\/{rel}","templated":true}]}}